{"id":386,"date":"2020-11-10T11:59:52","date_gmt":"2020-11-10T11:59:52","guid":{"rendered":"https:\/\/apupapu.fi\/verkkokauppa\/?post_type=product&#038;p=386"},"modified":"2025-03-10T07:16:19","modified_gmt":"2025-03-10T05:16:19","slug":"stihl-ms-180","status":"publish","type":"product","link":"https:\/\/apupapu.fi\/verkkokauppa\/tuote\/stihl-ms-180\/","title":{"rendered":"STIHL Moottorisaha MS 180"},"content":{"rendered":"<p style=\"text-align: left;\">Kompakti ja pippurinen saha polttopuiden sahaukseen ja kotipihan yleist\u00f6ihin.<\/p>\n<p>Ter\u00e4ketjun sivukiristys nopeaan ja turvalliseen ketjun kirist\u00e4miseen. 35 cm ter\u00e4levy, taloudellinen 2-MIX-Moottori.<\/p>\n<p>&nbsp;<\/p>\n<table class=\"technical_data\">\n<thead>\n<tr>\n<th class=\"col1\">Tekniset tiedot<\/th>\n<th class=\"col2\"><\/th>\n<\/tr>\n<\/thead>\n<tbody>\n<tr class=\"\">\n<td class=\"col1\">CO2-arvo g\/kWh<\/td>\n<td class=\"col2\">859<\/td>\n<\/tr>\n<tr class=\"odd\">\n<td class=\"col1\">EPA CERT POLTTOAINEKULUTUS glh<\/td>\n<td class=\"col2\">0.189<\/td>\n<\/tr>\n<tr class=\"\">\n<td class=\"col1\">EPA CERT POLTTOAINEKULUTUS l\/h<\/td>\n<td class=\"col2\">0.714<\/td>\n<\/tr>\n<tr class=\"odd\">\n<td class=\"col1\">Ketjujako<\/td>\n<td class=\"col2\">3\/8&#8243;P<\/td>\n<\/tr>\n<tr class=\"\">\n<td class=\"col1\">Kokonaispaino kg\u00a0<sup>1)<\/sup><\/td>\n<td class=\"col2\">4,65<\/td>\n<\/tr>\n<tr class=\"odd\">\n<td class=\"col1\">Paino kg\u00a0<sup>2)<\/sup><\/td>\n<td class=\"col2\">4,1<\/td>\n<\/tr>\n<tr class=\"\">\n<td class=\"col1\">STIHL Oilomatic ter\u00e4ketju<\/td>\n<td class=\"col2\">3\/8&#8243; PM3 1,1 mm, artnr. 36.100.000.050<\/td>\n<\/tr>\n<tr class=\"odd\">\n<td class=\"col1\">S\u00e4ili\u00f6n tilavuus l<\/td>\n<td class=\"col2\">0,25<\/td>\n<\/tr>\n<tr class=\"\">\n<td class=\"col1\">Teho\u00a0kW\/hv<\/td>\n<td class=\"col2\">1,4\/1,9<\/td>\n<\/tr>\n<tr class=\"odd\">\n<td class=\"col1\">Tilavuus cm\u00b3<\/td>\n<td class=\"col2\">31,8<\/td>\n<\/tr>\n<tr class=\"\">\n<td class=\"col1\">Teho-painosuhde kg\/kW<\/td>\n<td class=\"col2\">3<\/td>\n<\/tr>\n<tr class=\"odd\">\n<td class=\"col1\">Ter\u00e4levyn pituus cm<\/td>\n<td class=\"col2\">35<\/td>\n<\/tr>\n<tr class=\"\">\n<td class=\"col1\">T\u00e4rin\u00e4taso vasen\/oikea m\/s\u00b2\u00a0<sup>3)<\/sup><\/td>\n<td class=\"col2\">6,6\/7,8<\/td>\n<\/tr>\n<tr class=\"odd\">\n<td class=\"col1\">\u00c4\u00e4nenpaine dB(A)\u00a0<sup>4)<\/sup><\/td>\n<td class=\"col2\">100<\/td>\n<\/tr>\n<tr class=\"\">\n<td class=\"col1\">\u00c4\u00e4niteho dB(A)\u00a0<sup>4)<\/sup><\/td>\n<td class=\"col2\">112<\/td>\n<\/tr>\n<\/tbody>\n<\/table>\n<p><img loading=\"lazy\" decoding=\"async\" class=\"alignnone wp-image-469\" src=\"https:\/\/apupapu.fi\/verkkokauppa\/wp-content\/uploads\/2020\/11\/STIHL_LOGO.jpg\" alt=\"\" width=\"96\" height=\"42\" srcset=\"https:\/\/apupapu.fi\/verkkokauppa\/wp-content\/uploads\/2020\/11\/STIHL_LOGO.jpg 709w, https:\/\/apupapu.fi\/verkkokauppa\/wp-content\/uploads\/2020\/11\/STIHL_LOGO-300x131.jpg 300w, https:\/\/apupapu.fi\/verkkokauppa\/wp-content\/uploads\/2020\/11\/STIHL_LOGO-600x262.jpg 600w\" sizes=\"auto, (max-width: 96px) 100vw, 96px\" \/><\/p>\n","protected":false},"excerpt":{"rendered":"<p><img loading=\"lazy\" decoding=\"async\" class=\"alignnone wp-image-469\" src=\"https:\/\/apupapu.fi\/verkkokauppa\/wp-content\/uploads\/2020\/11\/STIHL_LOGO.jpg\" alt=\"\" width=\"96\" height=\"42\" srcset=\"https:\/\/apupapu.fi\/verkkokauppa\/wp-content\/uploads\/2020\/11\/STIHL_LOGO.jpg 709w, https:\/\/apupapu.fi\/verkkokauppa\/wp-content\/uploads\/2020\/11\/STIHL_LOGO-300x131.jpg 300w, https:\/\/apupapu.fi\/verkkokauppa\/wp-content\/uploads\/2020\/11\/STIHL_LOGO-600x262.jpg 600w\" sizes=\"auto, (max-width: 96px) 100vw, 96px\" \/><\/p>\n","protected":false},"featured_media":1246,"template":"","meta":{"site-sidebar-layout":"default","site-content-layout":"default","ast-site-content-layout":"default","site-content-style":"default","site-sidebar-style":"default","ast-global-header-display":"","ast-banner-title-visibility":"","ast-main-header-display":"","ast-hfb-above-header-display":"","ast-hfb-below-header-display":"","ast-hfb-mobile-header-display":"","site-post-title":"","ast-breadcrumbs-content":"","ast-featured-img":"","footer-sml-layout":"","theme-transparent-header-meta":"default","adv-header-id-meta":"","stick-header-meta":"","header-above-stick-meta":"","header-main-stick-meta":"","header-below-stick-meta":"","astra-migrate-meta-layouts":"set","ast-page-background-enabled":"default","ast-page-background-meta":{"desktop":{"background-color":"var(--ast-global-color-4)","background-image":"","background-repeat":"repeat","background-position":"center center","background-size":"auto","background-attachment":"scroll","background-type":"","background-media":"","overlay-type":"","overlay-color":"","overlay-opacity":"","overlay-gradient":""},"tablet":{"background-color":"","background-image":"","background-repeat":"repeat","background-position":"center center","background-size":"auto","background-attachment":"scroll","background-type":"","background-media":"","overlay-type":"","overlay-color":"","overlay-opacity":"","overlay-gradient":""},"mobile":{"background-color":"","background-image":"","background-repeat":"repeat","background-position":"center center","background-size":"auto","background-attachment":"scroll","background-type":"","background-media":"","overlay-type":"","overlay-color":"","overlay-opacity":"","overlay-gradient":""}},"ast-content-background-meta":{"desktop":{"background-color":"var(--ast-global-color-5)","background-image":"","background-repeat":"repeat","background-position":"center center","background-size":"auto","background-attachment":"scroll","background-type":"","background-media":"","overlay-type":"","overlay-color":"","overlay-opacity":"","overlay-gradient":""},"tablet":{"background-color":"var(--ast-global-color-5)","background-image":"","background-repeat":"repeat","background-position":"center center","background-size":"auto","background-attachment":"scroll","background-type":"","background-media":"","overlay-type":"","overlay-color":"","overlay-opacity":"","overlay-gradient":""},"mobile":{"background-color":"var(--ast-global-color-5)","background-image":"","background-repeat":"repeat","background-position":"center center","background-size":"auto","background-attachment":"scroll","background-type":"","background-media":"","overlay-type":"","overlay-color":"","overlay-opacity":"","overlay-gradient":""}}},"product_brand":[],"product_cat":[121,177,20,176,18],"product_tag":[125,178,179,180,24],"class_list":{"0":"post-386","1":"product","2":"type-product","3":"status-publish","4":"has-post-thumbnail","6":"product_cat-husqvarna-nostokoukut","7":"product_cat-moottorisahat","8":"product_cat-stihl","9":"product_cat-stihl-moottorisahat","10":"product_cat-tuotteet","11":"product_tag-moottorisaha","12":"product_tag-ms","13":"product_tag-ms-180","14":"product_tag-polttomoottori","15":"product_tag-stihl","16":"product_shipping_class-nouto-myymalasta-kaajantie-3-orivesi","17":"desktop-align-left","18":"tablet-align-left","19":"mobile-align-left","21":"first","22":"outofstock","23":"taxable","24":"shipping-taxable","25":"purchasable","26":"product-type-simple"},"_links":{"self":[{"href":"https:\/\/apupapu.fi\/verkkokauppa\/wp-json\/wp\/v2\/product\/386","targetHints":{"allow":["GET"]}}],"collection":[{"href":"https:\/\/apupapu.fi\/verkkokauppa\/wp-json\/wp\/v2\/product"}],"about":[{"href":"https:\/\/apupapu.fi\/verkkokauppa\/wp-json\/wp\/v2\/types\/product"}],"wp:featuredmedia":[{"embeddable":true,"href":"https:\/\/apupapu.fi\/verkkokauppa\/wp-json\/wp\/v2\/media\/1246"}],"wp:attachment":[{"href":"https:\/\/apupapu.fi\/verkkokauppa\/wp-json\/wp\/v2\/media?parent=386"}],"wp:term":[{"taxonomy":"product_brand","embeddable":true,"href":"https:\/\/apupapu.fi\/verkkokauppa\/wp-json\/wp\/v2\/product_brand?post=386"},{"taxonomy":"product_cat","embeddable":true,"href":"https:\/\/apupapu.fi\/verkkokauppa\/wp-json\/wp\/v2\/product_cat?post=386"},{"taxonomy":"product_tag","embeddable":true,"href":"https:\/\/apupapu.fi\/verkkokauppa\/wp-json\/wp\/v2\/product_tag?post=386"}],"curies":[{"name":"wp","href":"https:\/\/api.w.org\/{rel}","templated":true}]}}