{"id":382,"date":"2020-11-10T11:28:14","date_gmt":"2020-11-10T11:28:14","guid":{"rendered":"https:\/\/apupapu.fi\/verkkokauppa\/?post_type=product&#038;p=382"},"modified":"2023-04-26T13:53:35","modified_gmt":"2023-04-26T11:53:35","slug":"stihl-ms-201-c-m-moottorisaha","status":"publish","type":"product","link":"https:\/\/apupapu.fi\/verkkokauppa\/tuote\/stihl-ms-201-c-m-moottorisaha\/","title":{"rendered":"STIHL MS 201 C-M Moottorisaha"},"content":{"rendered":"<div class=\"tabs\">\n<div class=\"wrapper_content\">\n<div class=\"tabbody tabbody_large container_tab_1\">\n<div class=\"product-slider-wrapper\">\n<div>\u00a0<span style=\"font-size: 1.2em; font-weight: bold;\">KEVYT, 1,8kW MOOTTORISAHA M-TRONICILLA<\/span><\/div>\n<div class=\"product-slider-control\"><span style=\"font-size: 16px;\">Kevyin ammattik\u00e4ytt\u00f6\u00f6n suunniteltu STIHL moottorisaha, ihanteellinen karsinnassa. <\/span><\/div>\n<div class=\"product-slider-control\">\n<p><span style=\"font-size: 16px;\">Vakiona M-Tronic elektronisella moottorinohjauksella, jonka avulla optimaalinen moottorinteho on jatkuvasti k\u00e4yt\u00f6ss\u00e4, helppo k\u00e4ynnist\u00e4\u00e4 yhdistelm\u00e4katkaisimen ansiosta, taloudellinen 2-MIX-Moottori, purusuojan kiinte\u00e4 mutteri, 3\/8&#8243; PM ter\u00e4ketju eritt\u00e4in korkealla leikkuuteholla.<\/span><\/p>\n<p><em>Moottorisahat ja muut polttomoottorilaitteet myymme t\u00e4ll\u00e4hetkell\u00e4 vain myym\u00e4l\u00e4 noutona!<\/em><\/p>\n<\/div>\n<\/div>\n<div>\n<table class=\"technical_data\">\n<thead>\n<tr>\n<th class=\"col1\">Tekniset tiedot<\/th>\n<th class=\"col2\">Value<\/th>\n<\/tr>\n<\/thead>\n<tbody>\n<tr class=\"\">\n<td class=\"col1\">CO2-arvo g\/kWh<\/td>\n<td class=\"col2\">728<\/td>\n<\/tr>\n<tr class=\"odd\">\n<td class=\"col1\">Ketjujako<\/td>\n<td class=\"col2\">3\/8&#8243;P<\/td>\n<\/tr>\n<tr class=\"\">\n<td class=\"col1\">Kokonaispaino kg\u00a0<sup>1)<\/sup><\/td>\n<td class=\"col2\">4,57 \/ 4,67<\/td>\n<\/tr>\n<tr class=\"odd\">\n<td class=\"col1\">Paino kg\u00a0<sup>2)<\/sup><\/td>\n<td class=\"col2\">4<\/td>\n<\/tr>\n<tr class=\"\">\n<td class=\"col1\">STIHL Oilomatic ter\u00e4ketju<\/td>\n<td class=\"col2\">PM<\/td>\n<\/tr>\n<tr class=\"odd\">\n<td class=\"col1\">S\u00e4ili\u00f6n tilavuus l<\/td>\n<td class=\"col2\">0,31<\/td>\n<\/tr>\n<tr class=\"\">\n<td class=\"col1\">Teho\u00a0kW\/hv<\/td>\n<td class=\"col2\">1,8\/2,4<\/td>\n<\/tr>\n<tr class=\"odd\">\n<td class=\"col1\">Tilavuus cm\u00b3<\/td>\n<td class=\"col2\">35,2<\/td>\n<\/tr>\n<tr class=\"\">\n<td class=\"col1\">Teho-painosuhde kg\/kW<\/td>\n<td class=\"col2\">2,2<\/td>\n<\/tr>\n<tr class=\"odd\">\n<td class=\"col1\">Ter\u00e4levy<\/td>\n<td class=\"col2\">Rollomatic E, art.nr. 30 cm: 30.050.004.805, 35 cm: 30.050.004.809<\/td>\n<\/tr>\n<tr class=\"\">\n<td class=\"col1\">Ter\u00e4levyn pituus cm<\/td>\n<td class=\"col2\">30-35<\/td>\n<\/tr>\n<tr class=\"odd\">\n<td class=\"col1\">T\u00e4rin\u00e4taso vasen\/oikea m\/s\u00b2\u00a0<sup>3)<\/sup><\/td>\n<td class=\"col2\">3,3\/3,3<\/td>\n<\/tr>\n<tr class=\"\">\n<td class=\"col1\">\u00c4\u00e4nenpaine dB(A)\u00a0<sup>4)<\/sup><\/td>\n<td class=\"col2\">99<\/td>\n<\/tr>\n<tr class=\"odd\">\n<td class=\"col1\">\u00c4\u00e4niteho dB(A)\u00a0<sup>4)<\/sup><\/td>\n<td class=\"col2\">112<\/td>\n<\/tr>\n<\/tbody>\n<\/table>\n<p><img loading=\"lazy\" decoding=\"async\" class=\"alignnone wp-image-469\" src=\"https:\/\/apupapu.fi\/verkkokauppa\/wp-content\/uploads\/2020\/11\/STIHL_LOGO.jpg\" alt=\"\" width=\"96\" height=\"42\" srcset=\"https:\/\/apupapu.fi\/verkkokauppa\/wp-content\/uploads\/2020\/11\/STIHL_LOGO.jpg 709w, https:\/\/apupapu.fi\/verkkokauppa\/wp-content\/uploads\/2020\/11\/STIHL_LOGO-300x131.jpg 300w, https:\/\/apupapu.fi\/verkkokauppa\/wp-content\/uploads\/2020\/11\/STIHL_LOGO-600x262.jpg 600w\" sizes=\"auto, (max-width: 96px) 100vw, 96px\" \/><\/p>\n<\/div>\n<\/div>\n<\/div>\n<\/div>\n","protected":false},"excerpt":{"rendered":"<h5><img loading=\"lazy\" decoding=\"async\" class=\"alignnone wp-image-469\" src=\"https:\/\/apupapu.fi\/verkkokauppa\/wp-content\/uploads\/2020\/11\/STIHL_LOGO.jpg\" alt=\"\" width=\"96\" height=\"42\" srcset=\"https:\/\/apupapu.fi\/verkkokauppa\/wp-content\/uploads\/2020\/11\/STIHL_LOGO.jpg 709w, https:\/\/apupapu.fi\/verkkokauppa\/wp-content\/uploads\/2020\/11\/STIHL_LOGO-300x131.jpg 300w, https:\/\/apupapu.fi\/verkkokauppa\/wp-content\/uploads\/2020\/11\/STIHL_LOGO-600x262.jpg 600w\" sizes=\"auto, (max-width: 96px) 100vw, 96px\" \/><\/h5>\n<p>&nbsp;<\/p>\n","protected":false},"featured_media":1247,"template":"","meta":{"site-sidebar-layout":"default","site-content-layout":"default","ast-site-content-layout":"default","site-content-style":"default","site-sidebar-style":"default","ast-global-header-display":"","ast-banner-title-visibility":"","ast-main-header-display":"","ast-hfb-above-header-display":"","ast-hfb-below-header-display":"","ast-hfb-mobile-header-display":"","site-post-title":"","ast-breadcrumbs-content":"","ast-featured-img":"","footer-sml-layout":"","theme-transparent-header-meta":"default","adv-header-id-meta":"","stick-header-meta":"","header-above-stick-meta":"","header-main-stick-meta":"","header-below-stick-meta":"","astra-migrate-meta-layouts":"default","ast-page-background-enabled":"default","ast-page-background-meta":{"desktop":{"background-color":"var(--ast-global-color-4)","background-image":"","background-repeat":"repeat","background-position":"center center","background-size":"auto","background-attachment":"scroll","background-type":"","background-media":"","overlay-type":"","overlay-color":"","overlay-opacity":"","overlay-gradient":""},"tablet":{"background-color":"","background-image":"","background-repeat":"repeat","background-position":"center center","background-size":"auto","background-attachment":"scroll","background-type":"","background-media":"","overlay-type":"","overlay-color":"","overlay-opacity":"","overlay-gradient":""},"mobile":{"background-color":"","background-image":"","background-repeat":"repeat","background-position":"center center","background-size":"auto","background-attachment":"scroll","background-type":"","background-media":"","overlay-type":"","overlay-color":"","overlay-opacity":"","overlay-gradient":""}},"ast-content-background-meta":{"desktop":{"background-color":"var(--ast-global-color-5)","background-image":"","background-repeat":"repeat","background-position":"center center","background-size":"auto","background-attachment":"scroll","background-type":"","background-media":"","overlay-type":"","overlay-color":"","overlay-opacity":"","overlay-gradient":""},"tablet":{"background-color":"var(--ast-global-color-5)","background-image":"","background-repeat":"repeat","background-position":"center center","background-size":"auto","background-attachment":"scroll","background-type":"","background-media":"","overlay-type":"","overlay-color":"","overlay-opacity":"","overlay-gradient":""},"mobile":{"background-color":"var(--ast-global-color-5)","background-image":"","background-repeat":"repeat","background-position":"center center","background-size":"auto","background-attachment":"scroll","background-type":"","background-media":"","overlay-type":"","overlay-color":"","overlay-opacity":"","overlay-gradient":""}}},"product_brand":[],"product_cat":[177,20,176,18],"product_tag":[125,183,184,180,24],"class_list":{"0":"post-382","1":"product","2":"type-product","3":"status-publish","4":"has-post-thumbnail","6":"product_cat-moottorisahat","7":"product_cat-stihl","8":"product_cat-stihl-moottorisahat","9":"product_cat-tuotteet","10":"product_tag-moottorisaha","11":"product_tag-ms-201","12":"product_tag-ms-201-c-m","13":"product_tag-polttomoottori","14":"product_tag-stihl","15":"product_shipping_class-nouto-myymalasta-kaajantie-3-orivesi","16":"desktop-align-left","17":"tablet-align-left","18":"mobile-align-left","20":"first","21":"instock","22":"taxable","23":"shipping-taxable","24":"purchasable","25":"product-type-simple"},"_links":{"self":[{"href":"https:\/\/apupapu.fi\/verkkokauppa\/wp-json\/wp\/v2\/product\/382","targetHints":{"allow":["GET"]}}],"collection":[{"href":"https:\/\/apupapu.fi\/verkkokauppa\/wp-json\/wp\/v2\/product"}],"about":[{"href":"https:\/\/apupapu.fi\/verkkokauppa\/wp-json\/wp\/v2\/types\/product"}],"wp:featuredmedia":[{"embeddable":true,"href":"https:\/\/apupapu.fi\/verkkokauppa\/wp-json\/wp\/v2\/media\/1247"}],"wp:attachment":[{"href":"https:\/\/apupapu.fi\/verkkokauppa\/wp-json\/wp\/v2\/media?parent=382"}],"wp:term":[{"taxonomy":"product_brand","embeddable":true,"href":"https:\/\/apupapu.fi\/verkkokauppa\/wp-json\/wp\/v2\/product_brand?post=382"},{"taxonomy":"product_cat","embeddable":true,"href":"https:\/\/apupapu.fi\/verkkokauppa\/wp-json\/wp\/v2\/product_cat?post=382"},{"taxonomy":"product_tag","embeddable":true,"href":"https:\/\/apupapu.fi\/verkkokauppa\/wp-json\/wp\/v2\/product_tag?post=382"}],"curies":[{"name":"wp","href":"https:\/\/api.w.org\/{rel}","templated":true}]}}