{"id":38,"date":"2020-10-22T09:02:05","date_gmt":"2020-10-22T09:02:05","guid":{"rendered":"https:\/\/apupapu.fi\/verkkokauppa\/?post_type=product&#038;p=38"},"modified":"2026-04-15T13:12:10","modified_gmt":"2026-04-15T11:12:10","slug":"stihl-gta-26","status":"publish","type":"product","link":"https:\/\/apupapu.fi\/verkkokauppa\/tuote\/stihl-gta-26\/","title":{"rendered":"Stihl GTA 26 -setti"},"content":{"rendered":"<p style=\"text-align: left;\">\u00c4L\u00c4 ANNA PIENEN KOON H\u00c4M\u00c4T\u00c4!<\/p>\n<p>GTA 26 n\u00e4ytt\u00e4\u00e4 k\u00e4yt\u00f6ss\u00e4 todellisen kokonsa.<\/p>\n<p>Monipuolinen akkusaha. Puiden ja pensaiden karsintaan, oksien sahaamiseen tai rakennust\u00f6ihin.<\/p>\n<p>Kun leikkaat puita ja pensaita, pilkot oksia tai teet rakennust\u00f6it\u00e4: GTA26 vakuuttaa suurella sahaustehollaan, hiljaisella toiminnalla, eritt\u00e4in hyv\u00e4ll\u00e4 ergonomiallaan ja pitk\u00e4ll\u00e4 k\u00e4ytt\u00f6ajallaan &#8211; 10,8 V vaihtoakkujen AS 2 ansiosta.\u00a0 1\/4\u201c PM3-ter\u00e4ketju tarjoaa suuren sahaustehon ja hyv\u00e4n sahausj\u00e4ljen. Pit\u00e4v\u00e4 kahva t\u00e4ydellist\u00e4 ergonomiaa varten. Ketjun vaihto ilman ty\u00f6kaluja, taittuva ketjusuojus turvalliseen ty\u00f6skentelyyn, lataustilan n\u00e4ytt\u00f6. Sis\u00e4lt\u00e4\u00e4 Akun AS1 ja laturin AL 1.<\/p>\n<p><img loading=\"lazy\" decoding=\"async\" class=\"alignnone wp-image-469\" src=\"https:\/\/apupapu.fi\/verkkokauppa\/wp-content\/uploads\/2020\/11\/STIHL_LOGO.jpg\" alt=\"\" width=\"96\" height=\"42\" srcset=\"https:\/\/apupapu.fi\/verkkokauppa\/wp-content\/uploads\/2020\/11\/STIHL_LOGO.jpg 709w, https:\/\/apupapu.fi\/verkkokauppa\/wp-content\/uploads\/2020\/11\/STIHL_LOGO-300x131.jpg 300w, https:\/\/apupapu.fi\/verkkokauppa\/wp-content\/uploads\/2020\/11\/STIHL_LOGO-600x262.jpg 600w\" sizes=\"auto, (max-width: 96px) 100vw, 96px\" \/><\/p>\n","protected":false},"excerpt":{"rendered":"<p><img loading=\"lazy\" decoding=\"async\" class=\"alignnone wp-image-469\" src=\"https:\/\/apupapu.fi\/verkkokauppa\/wp-content\/uploads\/2020\/11\/STIHL_LOGO.jpg\" alt=\"\" width=\"96\" height=\"42\" srcset=\"https:\/\/apupapu.fi\/verkkokauppa\/wp-content\/uploads\/2020\/11\/STIHL_LOGO.jpg 709w, https:\/\/apupapu.fi\/verkkokauppa\/wp-content\/uploads\/2020\/11\/STIHL_LOGO-300x131.jpg 300w, https:\/\/apupapu.fi\/verkkokauppa\/wp-content\/uploads\/2020\/11\/STIHL_LOGO-600x262.jpg 600w\" sizes=\"auto, (max-width: 96px) 100vw, 96px\" \/><\/p>\n<p>*Rajoitettu tarjouser\u00e4<\/p>\n","protected":false},"featured_media":2919,"template":"","meta":{"site-sidebar-layout":"default","site-content-layout":"default","ast-site-content-layout":"default","site-content-style":"default","site-sidebar-style":"default","ast-global-header-display":"","ast-banner-title-visibility":"","ast-main-header-display":"","ast-hfb-above-header-display":"","ast-hfb-below-header-display":"","ast-hfb-mobile-header-display":"","site-post-title":"","ast-breadcrumbs-content":"","ast-featured-img":"","footer-sml-layout":"","theme-transparent-header-meta":"default","adv-header-id-meta":"","stick-header-meta":"","header-above-stick-meta":"","header-main-stick-meta":"","header-below-stick-meta":"","astra-migrate-meta-layouts":"set","ast-page-background-enabled":"default","ast-page-background-meta":{"desktop":{"background-color":"var(--ast-global-color-4)","background-image":"","background-repeat":"repeat","background-position":"center center","background-size":"auto","background-attachment":"scroll","background-type":"","background-media":"","overlay-type":"","overlay-color":"","overlay-opacity":"","overlay-gradient":""},"tablet":{"background-color":"","background-image":"","background-repeat":"repeat","background-position":"center center","background-size":"auto","background-attachment":"scroll","background-type":"","background-media":"","overlay-type":"","overlay-color":"","overlay-opacity":"","overlay-gradient":""},"mobile":{"background-color":"","background-image":"","background-repeat":"repeat","background-position":"center center","background-size":"auto","background-attachment":"scroll","background-type":"","background-media":"","overlay-type":"","overlay-color":"","overlay-opacity":"","overlay-gradient":""}},"ast-content-background-meta":{"desktop":{"background-color":"var(--ast-global-color-5)","background-image":"","background-repeat":"repeat","background-position":"center center","background-size":"auto","background-attachment":"scroll","background-type":"","background-media":"","overlay-type":"","overlay-color":"","overlay-opacity":"","overlay-gradient":""},"tablet":{"background-color":"var(--ast-global-color-5)","background-image":"","background-repeat":"repeat","background-position":"center center","background-size":"auto","background-attachment":"scroll","background-type":"","background-media":"","overlay-type":"","overlay-color":"","overlay-opacity":"","overlay-gradient":""},"mobile":{"background-color":"var(--ast-global-color-5)","background-image":"","background-repeat":"repeat","background-position":"center center","background-size":"auto","background-attachment":"scroll","background-type":"","background-media":"","overlay-type":"","overlay-color":"","overlay-opacity":"","overlay-gradient":""}}},"product_brand":[],"product_cat":[325,89,20,21,18],"product_tag":[22,23,24],"class_list":{"0":"post-38","1":"product","2":"type-product","3":"status-publish","4":"has-post-thumbnail","6":"product_cat-akkusahat","7":"product_cat-puutarhatuotteet","8":"product_cat-stihl","9":"product_cat-stihl-akkusahat","10":"product_cat-tuotteet","11":"product_tag-akkusaha","12":"product_tag-gta-26","13":"product_tag-stihl","14":"product_shipping_class-posti-paketti","15":"desktop-align-left","16":"tablet-align-left","17":"mobile-align-left","19":"first","20":"outofstock","21":"sale","22":"taxable","23":"shipping-taxable","24":"purchasable","25":"product-type-simple"},"_links":{"self":[{"href":"https:\/\/apupapu.fi\/verkkokauppa\/wp-json\/wp\/v2\/product\/38","targetHints":{"allow":["GET"]}}],"collection":[{"href":"https:\/\/apupapu.fi\/verkkokauppa\/wp-json\/wp\/v2\/product"}],"about":[{"href":"https:\/\/apupapu.fi\/verkkokauppa\/wp-json\/wp\/v2\/types\/product"}],"wp:featuredmedia":[{"embeddable":true,"href":"https:\/\/apupapu.fi\/verkkokauppa\/wp-json\/wp\/v2\/media\/2919"}],"wp:attachment":[{"href":"https:\/\/apupapu.fi\/verkkokauppa\/wp-json\/wp\/v2\/media?parent=38"}],"wp:term":[{"taxonomy":"product_brand","embeddable":true,"href":"https:\/\/apupapu.fi\/verkkokauppa\/wp-json\/wp\/v2\/product_brand?post=38"},{"taxonomy":"product_cat","embeddable":true,"href":"https:\/\/apupapu.fi\/verkkokauppa\/wp-json\/wp\/v2\/product_cat?post=38"},{"taxonomy":"product_tag","embeddable":true,"href":"https:\/\/apupapu.fi\/verkkokauppa\/wp-json\/wp\/v2\/product_tag?post=38"}],"curies":[{"name":"wp","href":"https:\/\/api.w.org\/{rel}","templated":true}]}}