{"id":378,"date":"2020-11-10T11:22:40","date_gmt":"2020-11-10T11:22:40","guid":{"rendered":"https:\/\/apupapu.fi\/verkkokauppa\/?post_type=product&#038;p=378"},"modified":"2024-11-22T16:23:46","modified_gmt":"2024-11-22T14:23:46","slug":"stihl-ms-180-c-be-moottorisaha","status":"publish","type":"product","link":"https:\/\/apupapu.fi\/verkkokauppa\/tuote\/stihl-ms-180-c-be-moottorisaha\/","title":{"rendered":"STIHL MS 180 C-BE Moottorisaha"},"content":{"rendered":"<p>Kevyt, 1,4 kW polttomoottorik\u00e4ytt\u00f6inen saha<\/p>\n<p>Hyvin varusteltu perusmalli pihapuiden kaatoon ja muihin kodin sahaustarpeisiin.<\/p>\n<p>Varustettu ter\u00e4ketjun pikakiristyksell\u00e4\u00a0 ja STIHL ErgoStart kevytk\u00e4ynnistyksell\u00e4.<\/p>\n<p><em>Moottorisahat ja muut polttomoottorilaitteet myymme t\u00e4ll\u00e4hetkell\u00e4 vain myym\u00e4l\u00e4 noutona!<\/em><\/p>\n<p>&nbsp;<\/p>\n<table class=\"technical_data\">\n<thead>\n<tr>\n<th class=\"col1\">Tekniset tiedot<\/th>\n<th class=\"col2\"><\/th>\n<\/tr>\n<\/thead>\n<tbody>\n<tr class=\"\">\n<td class=\"col1\">CO2-arvo g\/kWh<\/td>\n<td class=\"col2\">859<\/td>\n<\/tr>\n<tr class=\"odd\">\n<td class=\"col1\">EPA CERT POLTTOAINEKULUTUS glh<\/td>\n<td class=\"col2\">0.189<\/td>\n<\/tr>\n<tr class=\"\">\n<td class=\"col1\">EPA CERT POLTTOAINEKULUTUS l\/h<\/td>\n<td class=\"col2\">0.714<\/td>\n<\/tr>\n<tr class=\"odd\">\n<td class=\"col1\">Ketjujako<\/td>\n<td class=\"col2\">3\/8&#8243;P<\/td>\n<\/tr>\n<tr class=\"\">\n<td class=\"col1\">Kokonaispaino kg\u00a0<sup>1)<\/sup><\/td>\n<td class=\"col2\">5,05<\/td>\n<\/tr>\n<tr class=\"odd\">\n<td class=\"col1\">Paino kg\u00a0<sup>2)<\/sup><\/td>\n<td class=\"col2\">4,5<\/td>\n<\/tr>\n<tr class=\"\">\n<td class=\"col1\">STIHL Oilomatic ter\u00e4ketju<\/td>\n<td class=\"col2\">PM3 1,1 mm, art.nr. 3.610 000 0.050<\/td>\n<\/tr>\n<tr class=\"odd\">\n<td class=\"col1\">S\u00e4ili\u00f6n tilavuus l<\/td>\n<td class=\"col2\">0,25<\/td>\n<\/tr>\n<tr class=\"\">\n<td class=\"col1\">Teho\u00a0kW\/hv<\/td>\n<td class=\"col2\">1,4\/1,9<\/td>\n<\/tr>\n<tr class=\"odd\">\n<td class=\"col1\">Tilavuus cm\u00b3<\/td>\n<td class=\"col2\">31,8<\/td>\n<\/tr>\n<tr class=\"\">\n<td class=\"col1\">Teho-painosuhde kg\/kW<\/td>\n<td class=\"col2\">3,2<\/td>\n<\/tr>\n<tr class=\"odd\">\n<td class=\"col1\">Ter\u00e4levy<\/td>\n<td class=\"col2\">Rollomatic E Mini, art.nr. 3.005 000 3.909<\/td>\n<\/tr>\n<tr class=\"\">\n<td class=\"col1\">Ter\u00e4levyn pituus cm<\/td>\n<td class=\"col2\">35<\/td>\n<\/tr>\n<tr class=\"odd\">\n<td class=\"col1\">T\u00e4rin\u00e4taso vasen\/oikea m\/s\u00b2\u00a0<sup>3)<\/sup><\/td>\n<td class=\"col2\">6,6\/7,8<\/td>\n<\/tr>\n<tr class=\"\">\n<td class=\"col1\">\u00c4\u00e4nenpaine dB(A)\u00a0<sup>4)<\/sup><\/td>\n<td class=\"col2\">100<\/td>\n<\/tr>\n<tr class=\"odd\">\n<td class=\"col1\">\u00c4\u00e4niteho dB(A)\u00a0<sup>4)<\/sup><\/td>\n<td class=\"col2\">112<\/td>\n<\/tr>\n<\/tbody>\n<\/table>\n<p><img loading=\"lazy\" decoding=\"async\" class=\"alignnone wp-image-469\" src=\"https:\/\/apupapu.fi\/verkkokauppa\/wp-content\/uploads\/2020\/11\/STIHL_LOGO.jpg\" alt=\"\" width=\"96\" height=\"42\" srcset=\"https:\/\/apupapu.fi\/verkkokauppa\/wp-content\/uploads\/2020\/11\/STIHL_LOGO.jpg 709w, https:\/\/apupapu.fi\/verkkokauppa\/wp-content\/uploads\/2020\/11\/STIHL_LOGO-300x131.jpg 300w, https:\/\/apupapu.fi\/verkkokauppa\/wp-content\/uploads\/2020\/11\/STIHL_LOGO-600x262.jpg 600w\" sizes=\"auto, (max-width: 96px) 100vw, 96px\" \/><\/p>\n","protected":false},"excerpt":{"rendered":"<p><img loading=\"lazy\" decoding=\"async\" class=\"alignnone wp-image-469\" src=\"https:\/\/apupapu.fi\/verkkokauppa\/wp-content\/uploads\/2020\/11\/STIHL_LOGO.jpg\" alt=\"\" width=\"96\" height=\"42\" srcset=\"https:\/\/apupapu.fi\/verkkokauppa\/wp-content\/uploads\/2020\/11\/STIHL_LOGO.jpg 709w, https:\/\/apupapu.fi\/verkkokauppa\/wp-content\/uploads\/2020\/11\/STIHL_LOGO-300x131.jpg 300w, https:\/\/apupapu.fi\/verkkokauppa\/wp-content\/uploads\/2020\/11\/STIHL_LOGO-600x262.jpg 600w\" sizes=\"auto, (max-width: 96px) 100vw, 96px\" \/><\/p>\n","protected":false},"featured_media":1245,"template":"","meta":{"site-sidebar-layout":"default","site-content-layout":"default","ast-site-content-layout":"default","site-content-style":"default","site-sidebar-style":"default","ast-global-header-display":"","ast-banner-title-visibility":"","ast-main-header-display":"","ast-hfb-above-header-display":"","ast-hfb-below-header-display":"","ast-hfb-mobile-header-display":"","site-post-title":"","ast-breadcrumbs-content":"","ast-featured-img":"","footer-sml-layout":"","theme-transparent-header-meta":"default","adv-header-id-meta":"","stick-header-meta":"","header-above-stick-meta":"","header-main-stick-meta":"","header-below-stick-meta":"","astra-migrate-meta-layouts":"set","ast-page-background-enabled":"default","ast-page-background-meta":{"desktop":{"background-color":"var(--ast-global-color-4)","background-image":"","background-repeat":"repeat","background-position":"center center","background-size":"auto","background-attachment":"scroll","background-type":"","background-media":"","overlay-type":"","overlay-color":"","overlay-opacity":"","overlay-gradient":""},"tablet":{"background-color":"","background-image":"","background-repeat":"repeat","background-position":"center center","background-size":"auto","background-attachment":"scroll","background-type":"","background-media":"","overlay-type":"","overlay-color":"","overlay-opacity":"","overlay-gradient":""},"mobile":{"background-color":"","background-image":"","background-repeat":"repeat","background-position":"center center","background-size":"auto","background-attachment":"scroll","background-type":"","background-media":"","overlay-type":"","overlay-color":"","overlay-opacity":"","overlay-gradient":""}},"ast-content-background-meta":{"desktop":{"background-color":"var(--ast-global-color-5)","background-image":"","background-repeat":"repeat","background-position":"center center","background-size":"auto","background-attachment":"scroll","background-type":"","background-media":"","overlay-type":"","overlay-color":"","overlay-opacity":"","overlay-gradient":""},"tablet":{"background-color":"var(--ast-global-color-5)","background-image":"","background-repeat":"repeat","background-position":"center center","background-size":"auto","background-attachment":"scroll","background-type":"","background-media":"","overlay-type":"","overlay-color":"","overlay-opacity":"","overlay-gradient":""},"mobile":{"background-color":"var(--ast-global-color-5)","background-image":"","background-repeat":"repeat","background-position":"center center","background-size":"auto","background-attachment":"scroll","background-type":"","background-media":"","overlay-type":"","overlay-color":"","overlay-opacity":"","overlay-gradient":""}}},"product_brand":[],"product_cat":[177,20,176,18],"product_tag":[125,179,185,180,24],"class_list":{"0":"post-378","1":"product","2":"type-product","3":"status-publish","4":"has-post-thumbnail","6":"product_cat-moottorisahat","7":"product_cat-stihl","8":"product_cat-stihl-moottorisahat","9":"product_cat-tuotteet","10":"product_tag-moottorisaha","11":"product_tag-ms-180","12":"product_tag-ms-180-c-be","13":"product_tag-polttomoottori","14":"product_tag-stihl","15":"product_shipping_class-nouto-myymalasta-kaajantie-3-orivesi","16":"desktop-align-left","17":"tablet-align-left","18":"mobile-align-left","20":"first","21":"outofstock","22":"taxable","23":"shipping-taxable","24":"purchasable","25":"product-type-simple"},"_links":{"self":[{"href":"https:\/\/apupapu.fi\/verkkokauppa\/wp-json\/wp\/v2\/product\/378","targetHints":{"allow":["GET"]}}],"collection":[{"href":"https:\/\/apupapu.fi\/verkkokauppa\/wp-json\/wp\/v2\/product"}],"about":[{"href":"https:\/\/apupapu.fi\/verkkokauppa\/wp-json\/wp\/v2\/types\/product"}],"wp:featuredmedia":[{"embeddable":true,"href":"https:\/\/apupapu.fi\/verkkokauppa\/wp-json\/wp\/v2\/media\/1245"}],"wp:attachment":[{"href":"https:\/\/apupapu.fi\/verkkokauppa\/wp-json\/wp\/v2\/media?parent=378"}],"wp:term":[{"taxonomy":"product_brand","embeddable":true,"href":"https:\/\/apupapu.fi\/verkkokauppa\/wp-json\/wp\/v2\/product_brand?post=378"},{"taxonomy":"product_cat","embeddable":true,"href":"https:\/\/apupapu.fi\/verkkokauppa\/wp-json\/wp\/v2\/product_cat?post=378"},{"taxonomy":"product_tag","embeddable":true,"href":"https:\/\/apupapu.fi\/verkkokauppa\/wp-json\/wp\/v2\/product_tag?post=378"}],"curies":[{"name":"wp","href":"https:\/\/api.w.org\/{rel}","templated":true}]}}