{"id":2928,"date":"2024-04-25T14:53:59","date_gmt":"2024-04-25T12:53:59","guid":{"rendered":"https:\/\/apupapu.fi\/verkkokauppa\/?post_type=product&#038;p=2928"},"modified":"2024-04-25T18:13:43","modified_gmt":"2024-04-25T16:13:43","slug":"bosch-akkupesuharju","status":"publish","type":"product","link":"https:\/\/apupapu.fi\/verkkokauppa\/tuote\/bosch-akkupesuharju\/","title":{"rendered":"BOSCH Akkupesuharju"},"content":{"rendered":"<div class=\"A-Text-RichText\">\n<p>Monitoiminen ja tehokas Bosch Akkupesuharja UniversalBrush helpottaa el\u00e4m\u00e4\u00e4 &#8211; se on monipuolinen apuv\u00e4line tahrojen ja pinttyneen lian poistamiseen. <strong>Erilaiset vaihtop\u00e4\u00e4t mahdollistavat k\u00e4yt\u00f6n useilla erilaisilla pinnoilla ja materiaaleilla.\u00a0<\/strong><\/p>\n<p>IPX5-roiskevesisuojauksensa ansiosta <strong>soveltuu k\u00e4ytett\u00e4v\u00e4ksi my\u00f6s kosteissa ymp\u00e4rist\u00f6iss\u00e4. <\/strong>T\u00e4m\u00e4 harja takaa laattojen, saumojen, puutarhakalusteiden, autonvanteiden, grillien, uunien, kattiloiden, patojen sek\u00e4 lasisten suihkusein\u00e4mien tehokkaan puhdistamisen ja irrottaa lian my\u00f6s kapeista kohdista, kuten hanoista tai suihkusuuttimista. Voimakas moottori takaa harjan tasaisen py\u00f6rimisen kaikkein vaativimmissakin puhdistusteht\u00e4viss\u00e4. T\u00e4m\u00e4 n\u00e4pp\u00e4r\u00e4 ty\u00f6kalu on akkuk\u00e4ytt\u00f6inen ja se ladataan Micro USB -johdon kautta.<\/p>\n<p><strong>Setti sis\u00e4lt\u00e4\u00e4 akkupesurin lis\u00e4ksi:<\/strong> kuituharja, tiivis harja vaikeap\u00e4\u00e4syisille kohteille, tyynypidike koukkukiinnityksell\u00e4, 2 x naarmuttamaton tyyny, 2 x hankaustyyny, 2 x keitti\u00f6tyyny ja 2 x vaahtomuovityyny, USB-johto.<\/p>\n<\/div>\n","protected":false},"excerpt":{"rendered":"<p><img decoding=\"async\" src=\"data:image\/png;base64,UklGRqgZAABXRUJQVlA4TJsZAAAviwALEFWHggBkGPRvbX8FImIC4Kx\/0SC8ITvatuVRp9UJbbi7u8O6y5\/1uHuy7i4Js27J+Lq7K+7u7m7\/l8kMdvb0f4zVRC+UQh3UTaOUwiF90P\/pQgwAtG2DmJLc8f+baa0tgCBJbtwGhOj8\/6unSGAHAAVIkk3bVjzbtrGfbes827Zt27Zt27Zt+9vmuTkBdqP9f+e4yUh57857AzuLXazB7P534XEG3t0ceN4bOuzyvDcL2TPy3nvvvffee5+yj\/0tMOzgk2l+KmNz9MFIBvmlVwLyja8NDWO2oHjzjWRK4CDExrQ5cqToZtMrgZmKuJipcoSKmTLWN75IIU3IuXRLuFiDlLm8K+GuDqgixZf\/69C\/AxnaKlami4vRgnrgoA0WwPRm0AtDzbeCqwIlKEYx8vTStW1TGucUKr\/c3VtS92bdpciVjQJrcUNjA8wEZtBo3dvzhCBJctvmcBF0+P8rlQAIkcBJoG3btBvbtm3bzn+p29gqfqPatm3bNmPUtm29X2tNgOxY2xa3KSLMIEsyjzja0QpWaCaRmZlFZjvMzMzMnFvmSyoidaxmTA08\/fdfm\/vvv+H0kYLSf4N4J8FtG0GS07t33bbk6loJbhtJkvT\/t87eux2SXAWsLNi2DUkK27Y1tm3baNvW39i2bZuptm27O51ZbPedANBMNVKbjd59yvoDzM2zmP9cwHSa5SDFk1bJzYWcw8RGdrztE42CfcyJx0keQznrGEZ0I9oBPYARwCnHA5CrEGqJO5mqmm81bq0YHZzbnoG5HTBCEhH3\/FVTI+3WddGbbxpnsMoir39VFUoYKUycswPhK55uhpQjt\/wKad5eikLhq6gfpspBPDi3rCs3O948pyoJi2K6FfjrUcgIwrN0s7eVvFDrUSoXvfghb9zsZAF9d7sx1KQj1zxNpsLhGuhkGzaaQeXuTDURySloQ0YV14MetlAUarB5vZrN21\/pCYOYk6+HjEfMfUMf974o1+BeH5rmaq5HTintjIrG7rYyOQMetNSUjhOTZpmHWCZgrOQ8DKTY9LHhrUyjIitbivYwXlUU+AsTLrp0QlGqujpiw4ccProT7hYp3lqseJOwSDnNZZK3FKjhRLnkK5amR3R13MwQ8lVos0P+b3IYBRIWmzFiJcPATzPze+V9N7tlNcZXT0a+Fi6zEQsOCzE7QjIW0g2UlTd93+aNGlQNZ26lFSlQn2Hgr6jJEUyOEskA+CVPC+ue\/TLbeLyaKnYFqp\/N1f18iXyaipXTnq\/BzXkF8BesSH575PTwWZEKzV8rVvxqserHAJNG4lPEN\/tv86LYD3RzHboR2EiMpaHkrv8UUgHUu+hKCsiYMWddrIEcucUdsCqV04eOf0j0jSTXSHKFQCCQRAy9KyT6it5lEgIlPjAyDGh82aOhLXrh46rsMMOx+rjQMNuCDRF2i7BbiBUxBqLEREbIDqm36NgjL4Ui2U8MHRmJgRJhohRbaIsNlcDoDq4SPeH1W7misY8PG1\/Eh0azDRJMVkS0XemwiDwdewF4BZU94yJjZBQJnNM6dPITL5ifH9WDxxc6VwgE9IRFYJDZfOCYPcxDoJP64jMYRwCLhTE0xDr17lK6g1KV6lejRQZkU20YuiM66oED3GyWGLASCpMCGWYmZrvFhHp9uSiX4ILgs8ffanltvNZ\/GjnZDglmYiaHiUR6f45UivcYwYyiH73Hl4utxHSyn1i12MKA6UWJEh68LPZRAfDBcy8NS59vDplEmJhZSlYNhBkwjcwo7tHAa+99PSyOEGVmpS+xApfQqnSuYkMMswJJRBVH+Yk7pGvklr\/86CT230c5mtJ+wBrO0TTk3PWuYDhJcg0kDeoNYHS+3DtdsmR\/MjdbJHrXCHGqSUSMjkJ7T0gIBE1ltdfnixU7XepRLPn+u3+9SDcQusafTAQzFuquJiLu+ynysJXeA8CKxCjq\/SnCHEzGyr\/9EZ0nHFC1EYNIsXyaAKBchqMDpxd7JUmzwxhcpc7oCExhPndVoo3Aq2PFLaXPHE9httoWK3DyrUrnKcxst0hEB9UBXd\/8RCtQL9XhaQomEBNWxBVI05VRNDjcdZ9B0kGpBZxJSEWtgF6zU1V3yrDXZG6mSFo1BTKWvlCgwpNsk2rNRAYriIaWyKHv+DrsP56ZYiKjWIGTADZ9aNl9P\/+gWAQFk4nSOqaFd\/N031Cs+EEbJFlsaDCpsZGRYeDdd516yQNFGhxqd5gENaeb9KNUAul6urus47rfzPzpM7qDj0cOjL6ffphc3lsBYMNGKzyDKNic6AuZgF+VSGdbieI7Mgx+7UuxGYeFNOqJML14huPNt99uVkQ0SwrGjq5YgVPolR0suctmmbnxGOZYMsp\/RgxwfbrgYCYuDnDeO+niSloQKYosJQKOEnCZ4DuPCX7zuIJAIUayVM9ngALUV8zE6bsohamEVaWH2eezpG9qi4ZEbiYJemJonOAb04p3IzwrxbV6ZKTYLYJr0w28DaBEhtZhI0P9QXOCr7gyvRTAxs2uOKlyDvgovHXgJLJhpRUBo7t0P8DaiIHx+HgthGeZBPuPFvYpeBYpcHXEQKC9kQOH1fZ4AFjA97lf+UduG88\/dKFaA++4njwtjtKsQELTecyGDzte4OJbVYcCEeauRqFXXntQyGU0kFqdv00DjWtR8Rre44dIziMeU7rD6ddrH1C6SekqBxPxs1ZVpgnrUf9uTNIyWFELtO+Dn1hO5KazoHcNjRMCo0w6LYL17JTGhArLunSDrgJPf5XcTuxmHjSOPHa2VEFYJkHzyMi4hnoqmucUkAX4id5lONT09FcpQ\/AiKisde+Sh7PHoeA\/RecI24kGTyINW+hgIlyX3honleyYAvIpKnhcbscAntzxmfsULViarNNE3mLnLir2O9T6YciehEXvv0BhhqAs4kXhwEcMIijlgAliwWKBYAZ8sADPAFGhFfDOkVFAyWiNpQuccsphXqM5RJmUY\/ztPiNZzRThbk\/VTSqtJ4OTXkfM52PtzZP7eWgSs5Lp06PiC+Max7XAP4gev1K6NGhsIkwHw84seZWWM7ob2G8OyLRuQ7GhhVbj4WwXeXcIcNWRskKzLMPDJ8158FEXiV8Sy5zYjFtiKCDtkFvCrqkgbFqXKDJ9cHeHlygyfVu0mU8tzltlWOMxd+WE3PF8Xa7cSamPeZo4tlGMs9qV+OQxlT9JGlUb2OM3qElV1uaq6QrO6XLO6VFVdpaou0cilZSZcTigBwGpZpW4b7Vk49SSstxtJt9329VA8bwqSKjYJ\/9bkyTldfJNhhmUOiKuzAKzJ1cOSnC5dblEdFtOU4OvPD5\/LDsD04l5yIdGIyDhib6\/y8tT3RT27R2\/rpD+6Mnl7o1IcU3p9jqSZhN0i0gxET5imNJO+l8jePrHmK2cXTv5j40VfMK18NraTbJ9VuJej+q+IJc+Lo1JSSy018MVXO0yCJHXluv3t0l243XSwuP0nbS5cbku007zo3GM2xxi8WapT77S3dC9lfKPbLdNa3Ii7256zHEqv\/b1zPKLqyU3iZrOgdwUrYlitNWLFCplfd7fYICPrxrah\/bW3swGAEgV2\/4ZlXGAsyM0hXlCseFuAtcAxuTsVHzn\/0ksz6U2PynJrrc4VzgyoZRLsXrOzzACMaYVjB5jjQ2NhetTU4JVU8rw4yixDWqemaduJme0Qxdwz4Z1jWWiRwGqKZdiNMR+xdmugL+aNaZjlwhgaUu36B09Tn2GSG3eYM3b5NuHdCVQ1oXf70aM7cc5CJG4uCWeHOMwclkx2SHTWja+e\/Y+e7YoALI4cU1mrX8d+y7xNK52TV7Gmd43FydoDeN6zr0d8oJ8bDZghKUmyERMxkXHVa++nWKCiAXXtYe2ilYm7oAavjCXPXUYssGRmySzZ0w5JLPT+P7Ab15qpoDsTDmqLpEQzlMB6Vt3cbIoxNMTa9fq3ER1jyG+slhIp9Md49cXNTnmYj\/3t3ZcN5eQh+Y6eGBqpEZMjqKo\/NlKiQTXeFwZMjee9qLlAseJ7AiQ\/5+TXQG+fT\/QV7jQQZnF2pgFYmB6aRbLPzTTon54I8YES8GsUVhtT+vzqldRTFZmAD9Ux+1Yk+4AavJJ6e14clZRqIicNGxq+mNDYsfurQWbqKnHu\/pCWLIsMnw8e\/5tA7wiUuz1Pep2rskhZFTneKlBYBUojUFoFylKBygg0RiAwouute9fthbkMGi3LZo7HxuWY9T8lDGvxWEP4vKlJqugk7AvRrlwdnqRCqtG7Mtjap2GjW9h\/zv5epED6vF8NntT308XHznyccLQ4l\/+UqH1m6Szx8sInSWlMC18EyN+8Knn7w\/Nx8ao7uXQ6ziruiSUyNCgW\/fAlEyXIP\/jnfbdmT4xr7jVxoUHU4+THqhq8kvp4XmzECnFnqQKXJtf3oSnVUze5duom1U\/d3Pw+WKLA3WamcFc5aoPyXQJFo1AOOkL9fXFJfRTtp58x+6KbpmY78za2bezb1Gzzxz6HZRvbHlXLxI0lco2yfCK3CcMF7cPtzkcYVEX00\/ndfgvSKjZL\/h3iPdOLqxGej5orjnaLfh2QqSbyz3n7ZzZWpHvV0NEFyRtz23DdyxNmS5rPTwbCpFoke1ks6QuEm9dbZQZAjFiRdGax7OuxQFg1O4h1npIJ6Mm7Lz+Vqveti6Ny11nvvzgT4bksW\/vGhpEGyXYLxUKlT0F7+GOfQwlGJ1lbdi9Xlk9xI9RxajxYY\/GZzm+64LFQw1H7QU0X1B9BfQnqJnIYbndBy3435FOsEvq2y+cjHO8GGLVm5LfNh1hD5OaK8G+N60vl0yLA1NI5cj7TvqxeqMc65uvUbEWM9Pc853kpFU0pn+O7iZrGNbwewEOWi\/vjZtuAt19L8gK4cmvxsNEFs8lRUvpwCK+6\/3ExEMbsCET9p5GNm328aD07Z0+s+RqPV1PZ8+Ko7DRiwil6nODIg175NxtimP9amiPnP8FxGXYTI+vMT2Efpybty8W+tOtvo4j1VeUvW669oWR7Q6n2hn6mljeUZW81bTnVA79v3njLiUnDrdv2qVhzt348\/qqeUxDNMS+kbePZae2AUDg+iBxWuxsFz3metQvU8Ho\/U32B6k1AvoYXfD9QW42EWJ7oqR4VFVjWQUw\/rWJGL+CjZ5JKuhku3\/XbDwWKLxfNLpzNsaEipc4TxuiwBSjUvOmsLVQbMzCcuXuox5HiKr5o8DiSq8Hl+2wOG+B195PHxVFq6K6QQ5zAJfSqDmbuQgX2iez2IWPNQB4xWNEWyTKF3hHs5hYTo\/BmLXed9Lmw9yi7FQ77bC6sPehk1W+aGyPs28LnNwbReiYJrSHZkqeFh4vTrfSIgyGtFHvVvL3Za1zTB2Ya4WYyVlRWeyrqezmweaOW3\/n7LzdTMMkV4kMlXw91C3Jz+rzDe0mGgY8vPJnUuNCw2PzibbeSBl5z76OfRPjqyEHEHxMZuTo+nbe3em3YavblMuo5c8N0cWrOtSFmG6tDxpGjxdkfePqT2aXX14hGqtkWmrIA3Toms+ZXCmtmbhta4kIluqVxz5z9PRFvvPd2tjhMVPoTfeFxsyNe4OJrVcdOyV1Is6xu2i5pm+Svmx450WdjXpc8jXaYeazRNFTa9XRnxA2T\/W5ut7\/P\/v6PjsmYV9lj8+E7BsRuJktaQxS8eM85HQZiGAizn7Z+M7J7ZaKFAZhc9VO\/2yJvDrV922fEiqogQt11298\/PP1tLQTGtsOmQ\/7\/kW4QN\/9g341aqol\/rYj+N9aqW65Mcln2uvtvYwBzD9fm2\/36IUj0q+iwoTIyUlpsiCBSb\/H\/nyXZsxGvpN7O3VHi7dmGxApcQqvq2MmsQBIBHdX+muE0UedR\/32jiMPe5L4uZbhlotE0VDr1ao9JfbeF1+Xqdwm0aM3tm4t\/1If4+h2dzM0Wid41QkQs\/BVR5OB9t8ZUAPj0iWxgwvxk0CRCRMws6eaTDy7IzDkAPn76Y59h4LMBE4OJqNavMX2z7eAT4rUUnvl6OHcFO0yEJRMx\/eCMIsUPAi96WjwvjspQksts3LrjBS6hVum8CDMriEWghd70hlt\/tm6TjCwC7\/vGjI9+mPNuy6jH0lBY17cNF7br3zXPWwQ9SqfTZ8iWSbZTG+TruCwkeoYVEg1aZ6emdSoWc0Hr33WuUNb0YRA+IZ4MClW4uCPRV\/zbtQaO\/LbnyN17NDzfcbWo5Wt+rDHJFWpD3MA7u8\/\/\/jqmV0BcKu2jvoRA2RbWGvhknSf8c3IVdgJ4JZU9TY6QjBXtAp1L3IfeiQKX0Kq\/F9I0xUIRQKZmnQYfQ2fwqRYArKRFAeXWpVHNkYshrPSub0qUZDpcgPafJXcCHHgvusSZsH5TED10QLrrgHTvWodF96699loF8b00Ex+NacHV2fk9Y9nOsIP3aYVTmKuHBycbiNLz3YvVivo5ML663eF1Tn4l5KtQ57Dof\/TE+ECpi9gQ\/Z1Yga1uZtjD+5EHq0ueHq6FTmj6d+TknC7enpNfXQHgFbHkrCB6asby\/Fpbnx7Gh\/rlFdQ3XOAUW6Hes\/92SPe\/4ID0zgHpEgAkabZugnbZS0niSnhWPBA2CcufgbF521KYC+d25pa9U5gdnxRvheu4kTOpeGJXMUsH1V6QHjpruRY193B3vyc98iuFkTU7fyKOFKYGqr8kNaynVD39sfO1YEl25s4obmE1121x3AYYIYMr4k5gECscozVaW4hNp0rV5gLz7VR+lOVZQ\/DW9i6ZQkR1ZeiWm45JImwS7chTdY4zldAWJS\/XEz+jKHG8dX6d0bJVtPQs88vUQJSwxDcbyy2BtzlPVVuN9bIB2pFbzgPOg5wmuYByAXEVwh3AeS8NATnyo4dGb7ztqZx5IiRHSIkzKcAPBVj0UPKhJCG\/8Ug3GappLnrK4J1w+\/NGEj4nPuNXKSOem2hnPpHxMd53Hs8JtE0SP+m117ShGjS54Jrw8MGYunse6x+XAok1Yaycr8SFs+N6bnVruz196zezUzmTSZmwJYb3knhY+eIwXlg\/7D9qTyoXueXMlya566JRePx+ZhlxMK3JIpA2O+qOUUuZdPrsrV23S56UpjXHyj1ZUHb7I32iqTL5X0uSL3tPJkebNaTaj4JWwCyNjKjsyMPOO2t6bbqAcc3Dku\/\/0uj8Xo+D32kDvfdxGb3pg7St17m4DcMMNv69qmPnscCv6xQWeK5qQsHmuRyVBXKr43usmu9\/TdhQJ0qWUbGmJhG3\/QF2CL1VR\/CuLNVdCify8J4ZE3emULqcHS61jhYAm+6jP\/D3Gh6d2tYW3KyLgLzKKZIPdN5HFRa5JrHmNn+PyRtfbRD0gPkUdMI0Z1zkGJUWeaiu5ZZWl0uE1RS6NvzsPQ+8rqWbrsME7HGSHEL0X+VGCmujqijvP7cC9z1jjzZ5XLZkxdkKfmyEOvwuVfAyeaEV1i0zausRlYNCq1jDIPbeafj2+2Vg6NqcOOLHKrc+NiGXwNPAqbFIcmMmHFdtysbjIQYfUxUGYarQtLHql4\/g33zdyPr1i6ZBo94C8pDLSD7UbCcEoWiysJ8CGyuZ1Z+fM0LrWtf5MGLrkmrP++ef60yLHKLSkYeCKAZzXZD7ShRpAZVwLbe1gFs\/eimHRHkqtSaIlnB\/FCCFYPD\/\/YTCKjrtKuiNtX9lwL33725rGDvi2XJMTK1VHMWNlBpmti7Y\/VxIaoI4pAEozhta+UqeMnWu5zZm88A4LOe8p5eFo5FyjcD37EhP0GqJfHr+qgJzmcmHwHZKCDyIldAaDvm1uuXhLdTWW9ZW7nTpkYeSJg9TOnTKCb2juBSnGAkOey5IrTt0dhAxcp306axs3Kzh+0q0oRvtx0kYquyoLIcAomrDQGO0+ZgE+fNTfiUvems3QOKxuVmKcpGuYOhgA7cL8BHbZjdka5h\/XewHJ+T7HQG0SqoQlTScfAU2SNK5dOZD5XbKXjgwNDQtouyfDukGo+XEEdm7bx6IweWMqHS2yDHqB9RWyTyfBIhyx0xnFPioKYYhE+BkryRkkODEcsv66dZMw\/bPZS8iO3MsII5eF4HWEJuhIDBaGslQbIi+ys30zmm4yQiR\/vrn0upzukKEYVgM5GNFF96XpZlfde0HhWubKG+ByrLXmoCW6Ws1Ktnv9ORDxXbKXjkwEZrJUDaUBbY2bl1\/BYdIlmM6\/c2fl5wtNqLSowDVVbraJUEPHLc5CnrClSL72KInSus30Bo1ApHIS+9ZiFWy8bYYBEQFh4I5MvqRCC78FYRfyLdPTU1T7i8HATcqOvWaLNX8qmo\/iBUpKQXAiXp8sQq0aIjVmGRz6cyXinVKlkEoOzYno4kXezOYhf3HKFWUQMWrbDlLhi44bmk0fMi5OLFfHyG6tsCG3ElHhVbnTG\/ueG1qpu58dLUiW39YAibCUhCD\/069sKuqcv29qY4AMS6ELXVWRRW3zlV0xpculG1q2oyVM2kNYpAqW4sBoUTCKW+mpUFdiWNLm+Mm2B9SKNriLIVL5iVe3fwIfe8paxEghWHagEGZ\/GlLZKSosSN9qY2Is8XnIW0rhvpapnIBEOHi3JYH+AE3GwdQUq9mGS+1UoUTbv37hJJ7M7Kv0q3H2WCzJ2Z6AtskQOczaCTq3vtZRNjnoNZ4DyvWFr6CngIO90dnojtWFKzrZsOHIUWWfZ4dNTUH2Bn2Lt94D5amVUnYzkLJl6\/L8pMVa6HObaN2JUpaCJX1qdGewvP+VLHu\/WWwbmurXn7evuP5rAYA\" alt=\"\" \/><\/p>\n","protected":false},"featured_media":2939,"template":"","meta":{"site-sidebar-layout":"default","site-content-layout":"default","ast-site-content-layout":"default","site-content-style":"default","site-sidebar-style":"default","ast-global-header-display":"","ast-banner-title-visibility":"","ast-main-header-display":"","ast-hfb-above-header-display":"","ast-hfb-below-header-display":"","ast-hfb-mobile-header-display":"","site-post-title":"","ast-breadcrumbs-content":"","ast-featured-img":"","footer-sml-layout":"","theme-transparent-header-meta":"default","adv-header-id-meta":"","stick-header-meta":"","header-above-stick-meta":"","header-main-stick-meta":"","header-below-stick-meta":"","astra-migrate-meta-layouts":"default","ast-page-background-enabled":"default","ast-page-background-meta":{"desktop":{"background-color":"var(--ast-global-color-4)","background-image":"","background-repeat":"repeat","background-position":"center center","background-size":"auto","background-attachment":"scroll","background-type":"","background-media":"","overlay-type":"","overlay-color":"","overlay-opacity":"","overlay-gradient":""},"tablet":{"background-color":"","background-image":"","background-repeat":"repeat","background-position":"center center","background-size":"auto","background-attachment":"scroll","background-type":"","background-media":"","overlay-type":"","overlay-color":"","overlay-opacity":"","overlay-gradient":""},"mobile":{"background-color":"","background-image":"","background-repeat":"repeat","background-position":"center center","background-size":"auto","background-attachment":"scroll","background-type":"","background-media":"","overlay-type":"","overlay-color":"","overlay-opacity":"","overlay-gradient":""}},"ast-content-background-meta":{"desktop":{"background-color":"var(--ast-global-color-5)","background-image":"","background-repeat":"repeat","background-position":"center center","background-size":"auto","background-attachment":"scroll","background-type":"","background-media":"","overlay-type":"","overlay-color":"","overlay-opacity":"","overlay-gradient":""},"tablet":{"background-color":"var(--ast-global-color-5)","background-image":"","background-repeat":"repeat","background-position":"center center","background-size":"auto","background-attachment":"scroll","background-type":"","background-media":"","overlay-type":"","overlay-color":"","overlay-opacity":"","overlay-gradient":""},"mobile":{"background-color":"var(--ast-global-color-5)","background-image":"","background-repeat":"repeat","background-position":"center center","background-size":"auto","background-attachment":"scroll","background-type":"","background-media":"","overlay-type":"","overlay-color":"","overlay-opacity":"","overlay-gradient":""}}},"product_brand":[],"product_cat":[547,549,18],"product_tag":[552,551,553],"class_list":{"0":"post-2928","1":"product","2":"type-product","3":"status-publish","4":"has-post-thumbnail","6":"product_cat-bosch","7":"product_cat-bosch-akkukoneet","8":"product_cat-tuotteet","9":"product_tag-akkupesuharja","10":"product_tag-bosch","11":"product_tag-universalbrush","12":"product_shipping_class-posti","13":"desktop-align-left","14":"tablet-align-left","15":"mobile-align-left","17":"first","18":"instock","19":"taxable","20":"shipping-taxable","21":"purchasable","22":"product-type-simple"},"_links":{"self":[{"href":"https:\/\/apupapu.fi\/verkkokauppa\/wp-json\/wp\/v2\/product\/2928","targetHints":{"allow":["GET"]}}],"collection":[{"href":"https:\/\/apupapu.fi\/verkkokauppa\/wp-json\/wp\/v2\/product"}],"about":[{"href":"https:\/\/apupapu.fi\/verkkokauppa\/wp-json\/wp\/v2\/types\/product"}],"wp:featuredmedia":[{"embeddable":true,"href":"https:\/\/apupapu.fi\/verkkokauppa\/wp-json\/wp\/v2\/media\/2939"}],"wp:attachment":[{"href":"https:\/\/apupapu.fi\/verkkokauppa\/wp-json\/wp\/v2\/media?parent=2928"}],"wp:term":[{"taxonomy":"product_brand","embeddable":true,"href":"https:\/\/apupapu.fi\/verkkokauppa\/wp-json\/wp\/v2\/product_brand?post=2928"},{"taxonomy":"product_cat","embeddable":true,"href":"https:\/\/apupapu.fi\/verkkokauppa\/wp-json\/wp\/v2\/product_cat?post=2928"},{"taxonomy":"product_tag","embeddable":true,"href":"https:\/\/apupapu.fi\/verkkokauppa\/wp-json\/wp\/v2\/product_tag?post=2928"}],"curies":[{"name":"wp","href":"https:\/\/api.w.org\/{rel}","templated":true}]}}