{"id":2534,"date":"2023-06-07T21:46:57","date_gmt":"2023-06-07T19:46:57","guid":{"rendered":"https:\/\/apupapu.fi\/verkkokauppa\/?post_type=product&#038;p=2534"},"modified":"2025-11-12T16:01:43","modified_gmt":"2025-11-12T14:01:43","slug":"husqvarna-aspire-t28-p4a-ruohotrimmeri-ilman-akkua-ja-laturia","status":"publish","type":"product","link":"https:\/\/apupapu.fi\/verkkokauppa\/tuote\/husqvarna-aspire-t28-p4a-ruohotrimmeri-ilman-akkua-ja-laturia\/","title":{"rendered":"Husqvarna Aspire\u2122 T28-P4A Ruohotrimmeri ilman akkua ja laturia"},"content":{"rendered":"<p><strong>Husqvarna Aspire\u2122 T28-P4A Ruohotrimmeri ilman akkua ja laturia<br \/>\n<\/strong><\/p>\n<p>Akkuk\u00e4ytt\u00f6inen oksasaha, jota voi k\u00e4ytt\u00e4\u00e4 jatkovarren kanssa tai ilman. Jatkovarren kiinnitt\u00e4minen ja s\u00e4\u00e4t\u00e4minen on helppoa ja jatkovarren kanssa pystyt leikkaamaan jopa 1,7m korkeudessa olevia oksia. Kehitetty laajaa moottorisahaosaamistamme hy\u00f6dyksi k\u00e4ytt\u00e4en ja rakennettu niin vankaksi, ett\u00e4 sill\u00e4 pystyy leikkaamaan jopa 75mm paksuisia oksia. Varustettu mukavalla, pehmustetulla kahvalla ja ketjun sek\u00e4 ter\u00e4levyn vaihtaminen hoituu n\u00e4pp\u00e4r\u00e4sti ilman mit\u00e4\u00e4n erillisi\u00e4 ty\u00f6kaluja. Tuotteen turvallisuutta lis\u00e4\u00e4 automaattisammutus, joka aktivoituu heti, jos tuote j\u00e4isi vahingossa k\u00e4yntiin ilman valvontaa. Tuotteen s\u00e4ilytys on tehty helpoksi mukana toimitettavan koukun ansiosta. Osa 18V POWER FOR ALL -akkuj\u00e4rjestelm\u00e4\u00e4.<\/p>\n<p><strong>HUOM! Ilman akkua ja laturia<\/strong><\/p>\n<p>Lue lis\u00e4\u00e4: https:\/\/www.husqvarna.com\/fi-fi\/opi-uutta\/aspire\/<\/p>\n<p><img loading=\"lazy\" decoding=\"async\" class=\"\" src=\"https:\/\/apupapu.fi\/verkkokauppa\/wp-content\/uploads\/2020\/11\/Husqvarna-logo.png\" width=\"175\" height=\"32\" \/><\/p>\n","protected":false},"excerpt":{"rendered":"<p class=\"hui-spacing--sm-mt-4-times-5 hui-spacing--md-mt-4-times-7 qDVd74V+99zfGRPQ6w+YDw==\">Helppok\u00e4ytt\u00f6inen ja tehokas akkuk\u00e4ytt\u00f6inen ruohotrimmeri n\u00e4pp\u00e4r\u00e4ll\u00e4 s\u00e4ilytysratkaisulla!<\/p>\n<p><img loading=\"lazy\" decoding=\"async\" class=\"\" src=\"https:\/\/apupapu.fi\/verkkokauppa\/wp-content\/uploads\/2020\/11\/Husqvarna-logo.png\" width=\"175\" height=\"32\" \/><\/p>\n","protected":false},"featured_media":2551,"template":"","meta":{"site-sidebar-layout":"default","site-content-layout":"default","ast-site-content-layout":"default","site-content-style":"default","site-sidebar-style":"default","ast-global-header-display":"","ast-banner-title-visibility":"","ast-main-header-display":"","ast-hfb-above-header-display":"","ast-hfb-below-header-display":"","ast-hfb-mobile-header-display":"","site-post-title":"","ast-breadcrumbs-content":"","ast-featured-img":"","footer-sml-layout":"","theme-transparent-header-meta":"default","adv-header-id-meta":"","stick-header-meta":"","header-above-stick-meta":"","header-main-stick-meta":"","header-below-stick-meta":"","astra-migrate-meta-layouts":"set","ast-page-background-enabled":"default","ast-page-background-meta":{"desktop":{"background-color":"var(--ast-global-color-4)","background-image":"","background-repeat":"repeat","background-position":"center center","background-size":"auto","background-attachment":"scroll","background-type":"","background-media":"","overlay-type":"","overlay-color":"","overlay-opacity":"","overlay-gradient":""},"tablet":{"background-color":"","background-image":"","background-repeat":"repeat","background-position":"center center","background-size":"auto","background-attachment":"scroll","background-type":"","background-media":"","overlay-type":"","overlay-color":"","overlay-opacity":"","overlay-gradient":""},"mobile":{"background-color":"","background-image":"","background-repeat":"repeat","background-position":"center center","background-size":"auto","background-attachment":"scroll","background-type":"","background-media":"","overlay-type":"","overlay-color":"","overlay-opacity":"","overlay-gradient":""}},"ast-content-background-meta":{"desktop":{"background-color":"var(--ast-global-color-5)","background-image":"","background-repeat":"repeat","background-position":"center center","background-size":"auto","background-attachment":"scroll","background-type":"","background-media":"","overlay-type":"","overlay-color":"","overlay-opacity":"","overlay-gradient":""},"tablet":{"background-color":"var(--ast-global-color-5)","background-image":"","background-repeat":"repeat","background-position":"center center","background-size":"auto","background-attachment":"scroll","background-type":"","background-media":"","overlay-type":"","overlay-color":"","overlay-opacity":"","overlay-gradient":""},"mobile":{"background-color":"var(--ast-global-color-5)","background-image":"","background-repeat":"repeat","background-position":"center center","background-size":"auto","background-attachment":"scroll","background-type":"","background-media":"","overlay-type":"","overlay-color":"","overlay-opacity":"","overlay-gradient":""}}},"product_brand":[],"product_cat":[325,29,324,541,427,89,426,18],"product_tag":[532,44,534,308,539,309],"class_list":{"0":"post-2534","1":"product","2":"type-product","3":"status-publish","4":"has-post-thumbnail","6":"product_cat-akkusahat","7":"product_cat-husqvarna","8":"product_cat-husqvarna-akkusahat","9":"product_cat-husqvarna-aspire-sarja","10":"product_cat-husqvarna-trimmerit","11":"product_cat-puutarhatuotteet","12":"product_cat-trimmerit","13":"product_cat-tuotteet","14":"product_tag-aspire","15":"product_tag-husqvarna","16":"product_tag-power-for-all","17":"product_tag-ruohotrimmeri","18":"product_tag-t28-p4a","19":"product_tag-trimmeri","20":"product_shipping_class-posti-paketti","21":"desktop-align-left","22":"tablet-align-left","23":"mobile-align-left","25":"first","26":"outofstock","27":"taxable","28":"shipping-taxable","29":"purchasable","30":"product-type-simple"},"_links":{"self":[{"href":"https:\/\/apupapu.fi\/verkkokauppa\/wp-json\/wp\/v2\/product\/2534","targetHints":{"allow":["GET"]}}],"collection":[{"href":"https:\/\/apupapu.fi\/verkkokauppa\/wp-json\/wp\/v2\/product"}],"about":[{"href":"https:\/\/apupapu.fi\/verkkokauppa\/wp-json\/wp\/v2\/types\/product"}],"wp:featuredmedia":[{"embeddable":true,"href":"https:\/\/apupapu.fi\/verkkokauppa\/wp-json\/wp\/v2\/media\/2551"}],"wp:attachment":[{"href":"https:\/\/apupapu.fi\/verkkokauppa\/wp-json\/wp\/v2\/media?parent=2534"}],"wp:term":[{"taxonomy":"product_brand","embeddable":true,"href":"https:\/\/apupapu.fi\/verkkokauppa\/wp-json\/wp\/v2\/product_brand?post=2534"},{"taxonomy":"product_cat","embeddable":true,"href":"https:\/\/apupapu.fi\/verkkokauppa\/wp-json\/wp\/v2\/product_cat?post=2534"},{"taxonomy":"product_tag","embeddable":true,"href":"https:\/\/apupapu.fi\/verkkokauppa\/wp-json\/wp\/v2\/product_tag?post=2534"}],"curies":[{"name":"wp","href":"https:\/\/api.w.org\/{rel}","templated":true}]}}