{"id":2531,"date":"2023-06-07T21:37:34","date_gmt":"2023-06-07T19:37:34","guid":{"rendered":"https:\/\/apupapu.fi\/verkkokauppa\/?post_type=product&#038;p=2531"},"modified":"2025-11-12T16:01:21","modified_gmt":"2025-11-12T14:01:21","slug":"husqvarna-aspire-b8x-p4a-lehtipuhallin-ilman-akkua-ja-laturia","status":"publish","type":"product","link":"https:\/\/apupapu.fi\/verkkokauppa\/tuote\/husqvarna-aspire-b8x-p4a-lehtipuhallin-ilman-akkua-ja-laturia\/","title":{"rendered":"Husqvarna Aspire\u2122 B8X-P4A Lehtipuhallin ilman akkua ja laturia"},"content":{"rendered":"<p><strong>Husqvarna Aspire\u2122 B8X-P4A Lehtipuhallin<\/strong><\/p>\n<p>Hoida puutarhan siistiminen helposti t\u00e4ll\u00e4 akkulehtipuhaltimella, joka on osa POWER FOR ALL -akkuj\u00e4rjestelm\u00e4\u00e4. T\u00e4m\u00e4n pienempiin tiloihin suunnitellun puhaltimen s\u00e4ilytys on helppoa mukana tulevan koukun ja irrotettavan puhallinputken ansiosta. Puhaltimen nopeusasetuksia voi s\u00e4\u00e4t\u00e4\u00e4 3-portaisesti, joten sill\u00e4 voi putsata puutarhassa kaiken aina herkist\u00e4 kukkapenkeist\u00e4 m\u00e4rkiin nurmikon lehtiin. Mukava pehmustettu kahva ja tasapainoinen, kevyt muotoilu tekev\u00e4t siit\u00e4 helpon k\u00e4ytt\u00e4\u00e4. Tuote on varustettu \u00e4lykk\u00e4\u00e4ll\u00e4 automaattisella sammutuksella, joka aktivoituu aina, kun se j\u00e4tet\u00e4\u00e4n ilman valvontaa.<\/p>\n<p><strong>HUOM! Ilman akkua ja laturia<\/strong><\/p>\n<p>Lue lis\u00e4\u00e4: https:\/\/www.husqvarna.com\/fi-fi\/opi-uutta\/aspire\/<\/p>\n<p><img loading=\"lazy\" decoding=\"async\" class=\"\" src=\"https:\/\/apupapu.fi\/verkkokauppa\/wp-content\/uploads\/2020\/11\/Husqvarna-logo.png\" width=\"175\" height=\"32\" \/><\/p>\n","protected":false},"excerpt":{"rendered":"<p class=\"hui-spacing--sm-mt-4-times-5 hui-spacing--md-mt-4-times-7 qDVd74V+99zfGRPQ6w+YDw==\">Akkuk\u00e4ytt\u00f6inen lehtipuhallin 3-asteisella s\u00e4\u00e4d\u00f6ll\u00e4 ja k\u00e4tev\u00e4ll\u00e4 s\u00e4ilytysratkaisulla!<\/p>\n<p><img loading=\"lazy\" decoding=\"async\" class=\"\" src=\"https:\/\/apupapu.fi\/verkkokauppa\/wp-content\/uploads\/2020\/11\/Husqvarna-logo.png\" width=\"175\" height=\"32\" \/><\/p>\n","protected":false},"featured_media":2540,"template":"","meta":{"site-sidebar-layout":"default","site-content-layout":"default","ast-site-content-layout":"default","site-content-style":"default","site-sidebar-style":"default","ast-global-header-display":"","ast-banner-title-visibility":"","ast-main-header-display":"","ast-hfb-above-header-display":"","ast-hfb-below-header-display":"","ast-hfb-mobile-header-display":"","site-post-title":"","ast-breadcrumbs-content":"","ast-featured-img":"","footer-sml-layout":"","theme-transparent-header-meta":"default","adv-header-id-meta":"","stick-header-meta":"","header-above-stick-meta":"","header-main-stick-meta":"","header-below-stick-meta":"","astra-migrate-meta-layouts":"set","ast-page-background-enabled":"default","ast-page-background-meta":{"desktop":{"background-color":"var(--ast-global-color-4)","background-image":"","background-repeat":"repeat","background-position":"center center","background-size":"auto","background-attachment":"scroll","background-type":"","background-media":"","overlay-type":"","overlay-color":"","overlay-opacity":"","overlay-gradient":""},"tablet":{"background-color":"","background-image":"","background-repeat":"repeat","background-position":"center center","background-size":"auto","background-attachment":"scroll","background-type":"","background-media":"","overlay-type":"","overlay-color":"","overlay-opacity":"","overlay-gradient":""},"mobile":{"background-color":"","background-image":"","background-repeat":"repeat","background-position":"center center","background-size":"auto","background-attachment":"scroll","background-type":"","background-media":"","overlay-type":"","overlay-color":"","overlay-opacity":"","overlay-gradient":""}},"ast-content-background-meta":{"desktop":{"background-color":"var(--ast-global-color-5)","background-image":"","background-repeat":"repeat","background-position":"center center","background-size":"auto","background-attachment":"scroll","background-type":"","background-media":"","overlay-type":"","overlay-color":"","overlay-opacity":"","overlay-gradient":""},"tablet":{"background-color":"var(--ast-global-color-5)","background-image":"","background-repeat":"repeat","background-position":"center center","background-size":"auto","background-attachment":"scroll","background-type":"","background-media":"","overlay-type":"","overlay-color":"","overlay-opacity":"","overlay-gradient":""},"mobile":{"background-color":"var(--ast-global-color-5)","background-image":"","background-repeat":"repeat","background-position":"center center","background-size":"auto","background-attachment":"scroll","background-type":"","background-media":"","overlay-type":"","overlay-color":"","overlay-opacity":"","overlay-gradient":""}}},"product_brand":[],"product_cat":[29,541,266,89,18],"product_tag":[532,535,44,264,534],"class_list":{"0":"post-2531","1":"product","2":"type-product","3":"status-publish","4":"has-post-thumbnail","6":"product_cat-husqvarna","7":"product_cat-husqvarna-aspire-sarja","8":"product_cat-lehtipuhaltimet","9":"product_cat-puutarhatuotteet","10":"product_cat-tuotteet","11":"product_tag-aspire","12":"product_tag-b8x-p4a","13":"product_tag-husqvarna","14":"product_tag-lehtipuhallin","15":"product_tag-power-for-all","16":"product_shipping_class-posti-paketti","17":"desktop-align-left","18":"tablet-align-left","19":"mobile-align-left","21":"first","22":"instock","23":"taxable","24":"shipping-taxable","25":"purchasable","26":"product-type-simple"},"_links":{"self":[{"href":"https:\/\/apupapu.fi\/verkkokauppa\/wp-json\/wp\/v2\/product\/2531","targetHints":{"allow":["GET"]}}],"collection":[{"href":"https:\/\/apupapu.fi\/verkkokauppa\/wp-json\/wp\/v2\/product"}],"about":[{"href":"https:\/\/apupapu.fi\/verkkokauppa\/wp-json\/wp\/v2\/types\/product"}],"wp:featuredmedia":[{"embeddable":true,"href":"https:\/\/apupapu.fi\/verkkokauppa\/wp-json\/wp\/v2\/media\/2540"}],"wp:attachment":[{"href":"https:\/\/apupapu.fi\/verkkokauppa\/wp-json\/wp\/v2\/media?parent=2531"}],"wp:term":[{"taxonomy":"product_brand","embeddable":true,"href":"https:\/\/apupapu.fi\/verkkokauppa\/wp-json\/wp\/v2\/product_brand?post=2531"},{"taxonomy":"product_cat","embeddable":true,"href":"https:\/\/apupapu.fi\/verkkokauppa\/wp-json\/wp\/v2\/product_cat?post=2531"},{"taxonomy":"product_tag","embeddable":true,"href":"https:\/\/apupapu.fi\/verkkokauppa\/wp-json\/wp\/v2\/product_tag?post=2531"}],"curies":[{"name":"wp","href":"https:\/\/api.w.org\/{rel}","templated":true}]}}