{"id":246,"date":"2020-10-29T07:53:22","date_gmt":"2020-10-29T07:53:22","guid":{"rendered":"https:\/\/apupapu.fi\/verkkokauppa\/?post_type=product&#038;p=246"},"modified":"2023-06-08T00:22:33","modified_gmt":"2023-06-07T22:22:33","slug":"husqvarna-xplorer-talvipipo","status":"publish","type":"product","link":"https:\/\/apupapu.fi\/verkkokauppa\/tuote\/husqvarna-xplorer-talvipipo\/","title":{"rendered":"Husqvarna Xplorer Talvipipo"},"content":{"rendered":"<p>Merinovilla talvipipo l\u00e4mmitt\u00e4\u00e4 mukavasti kylmin\u00e4 p\u00e4ivin\u00e4.<\/p>\n<p>Tehty Ruotsissa.<\/p>\n<p><img loading=\"lazy\" decoding=\"async\" class=\"\" src=\"https:\/\/apupapu.fi\/verkkokauppa\/wp-content\/uploads\/2020\/11\/Husqvarna-logo.png\" width=\"170\" height=\"31\" \/><\/p>\n<p>&nbsp;<\/p>\n","protected":false},"excerpt":{"rendered":"<p><img loading=\"lazy\" decoding=\"async\" class=\"\" src=\"https:\/\/apupapu.fi\/verkkokauppa\/wp-content\/uploads\/2020\/11\/Husqvarna-logo.png\" width=\"170\" height=\"31\" \/><\/p>\n<p>MERINOVILLAA<\/p>\n<p>&nbsp;<\/p>\n","protected":false},"featured_media":247,"template":"","meta":{"site-sidebar-layout":"default","site-content-layout":"default","ast-site-content-layout":"default","site-content-style":"default","site-sidebar-style":"default","ast-global-header-display":"","ast-banner-title-visibility":"","ast-main-header-display":"","ast-hfb-above-header-display":"","ast-hfb-below-header-display":"","ast-hfb-mobile-header-display":"","site-post-title":"","ast-breadcrumbs-content":"","ast-featured-img":"","footer-sml-layout":"","theme-transparent-header-meta":"default","adv-header-id-meta":"","stick-header-meta":"","header-above-stick-meta":"","header-main-stick-meta":"","header-below-stick-meta":"","astra-migrate-meta-layouts":"default","ast-page-background-enabled":"default","ast-page-background-meta":{"desktop":{"background-color":"var(--ast-global-color-4)","background-image":"","background-repeat":"repeat","background-position":"center center","background-size":"auto","background-attachment":"scroll","background-type":"","background-media":"","overlay-type":"","overlay-color":"","overlay-opacity":"","overlay-gradient":""},"tablet":{"background-color":"","background-image":"","background-repeat":"repeat","background-position":"center center","background-size":"auto","background-attachment":"scroll","background-type":"","background-media":"","overlay-type":"","overlay-color":"","overlay-opacity":"","overlay-gradient":""},"mobile":{"background-color":"","background-image":"","background-repeat":"repeat","background-position":"center center","background-size":"auto","background-attachment":"scroll","background-type":"","background-media":"","overlay-type":"","overlay-color":"","overlay-opacity":"","overlay-gradient":""}},"ast-content-background-meta":{"desktop":{"background-color":"var(--ast-global-color-5)","background-image":"","background-repeat":"repeat","background-position":"center center","background-size":"auto","background-attachment":"scroll","background-type":"","background-media":"","overlay-type":"","overlay-color":"","overlay-opacity":"","overlay-gradient":""},"tablet":{"background-color":"var(--ast-global-color-5)","background-image":"","background-repeat":"repeat","background-position":"center center","background-size":"auto","background-attachment":"scroll","background-type":"","background-media":"","overlay-type":"","overlay-color":"","overlay-opacity":"","overlay-gradient":""},"mobile":{"background-color":"var(--ast-global-color-5)","background-image":"","background-repeat":"repeat","background-position":"center center","background-size":"auto","background-attachment":"scroll","background-type":"","background-media":"","overlay-type":"","overlay-color":"","overlay-opacity":"","overlay-gradient":""}}},"product_brand":[],"product_cat":[29,143,18,144],"product_tag":[148,44,150,145,146,149],"class_list":{"0":"post-246","1":"product","2":"type-product","3":"status-publish","4":"has-post-thumbnail","6":"product_cat-husqvarna","7":"product_cat-husqvarna-paahineet","8":"product_cat-tuotteet","9":"product_cat-vapaa-ajan-asusteet","10":"product_tag-asusteet","11":"product_tag-husqvarna","12":"product_tag-merinovilla","13":"product_tag-pipo","14":"product_tag-pipot","15":"product_tag-talvipipo","16":"product_shipping_class-posti","17":"desktop-align-left","18":"tablet-align-left","19":"mobile-align-left","21":"first","22":"instock","23":"taxable","24":"shipping-taxable","25":"purchasable","26":"product-type-simple"},"_links":{"self":[{"href":"https:\/\/apupapu.fi\/verkkokauppa\/wp-json\/wp\/v2\/product\/246","targetHints":{"allow":["GET"]}}],"collection":[{"href":"https:\/\/apupapu.fi\/verkkokauppa\/wp-json\/wp\/v2\/product"}],"about":[{"href":"https:\/\/apupapu.fi\/verkkokauppa\/wp-json\/wp\/v2\/types\/product"}],"wp:featuredmedia":[{"embeddable":true,"href":"https:\/\/apupapu.fi\/verkkokauppa\/wp-json\/wp\/v2\/media\/247"}],"wp:attachment":[{"href":"https:\/\/apupapu.fi\/verkkokauppa\/wp-json\/wp\/v2\/media?parent=246"}],"wp:term":[{"taxonomy":"product_brand","embeddable":true,"href":"https:\/\/apupapu.fi\/verkkokauppa\/wp-json\/wp\/v2\/product_brand?post=246"},{"taxonomy":"product_cat","embeddable":true,"href":"https:\/\/apupapu.fi\/verkkokauppa\/wp-json\/wp\/v2\/product_cat?post=246"},{"taxonomy":"product_tag","embeddable":true,"href":"https:\/\/apupapu.fi\/verkkokauppa\/wp-json\/wp\/v2\/product_tag?post=246"}],"curies":[{"name":"wp","href":"https:\/\/api.w.org\/{rel}","templated":true}]}}