{"id":2057,"date":"2021-12-14T14:14:48","date_gmt":"2021-12-14T12:14:48","guid":{"rendered":"https:\/\/apupapu.fi\/verkkokauppa\/?post_type=product&#038;p=2057"},"modified":"2024-06-03T08:37:03","modified_gmt":"2024-06-03T06:37:03","slug":"stiga-leikkileikkuri","status":"publish","type":"product","link":"https:\/\/apupapu.fi\/verkkokauppa\/tuote\/stiga-leikkileikkuri\/","title":{"rendered":"STIGA Leikkileikkuri"},"content":{"rendered":"<div class=\"text-wrapper\">\n<div class=\"product attribute overview\">\n<div class=\"value\">STIGA ty\u00f6nnett\u00e4v\u00e4 leluleikkuri. Sis\u00e4lt\u00e4\u00e4 keruus\u00e4ili\u00f6n leikkiruoholle.<\/div>\n<div><\/div>\n<\/div>\n<div class=\"product attribute selling-points\">\n<ul class=\"list_check\">\n<li>Ik\u00e4suositus: 2\u20135 vuotta<\/li>\n<li>Ty\u00f6nnett\u00e4v\u00e4<\/li>\n<li>Koko 550 x 280 x 500 mm<\/li>\n<li>Mukana keruus\u00e4ili\u00f6<\/li>\n<li>Taitettava aisa<\/li>\n<li>Valmistettu Italiassa<\/li>\n<\/ul>\n<\/div>\n<\/div>\n<div class=\"product_detail_price\">\n<div class=\"regular-price\"><\/div>\n<\/div>\n","protected":false},"excerpt":{"rendered":"<p>STIGA ty\u00f6nnett\u00e4v\u00e4 leluleikkuri. Sis\u00e4lt\u00e4\u00e4 keruus\u00e4ili\u00f6n leikkiruoholle. Ik\u00e4suositus: 2\u20135 vuotta Ty\u00f6nnett\u00e4v\u00e4 Koko 550 x 280 x 500 mm Mukana keruus\u00e4ili\u00f6 Taitettava aisa Valmistettu Italiassa<\/p>\n","protected":false},"featured_media":2058,"template":"","meta":{"site-sidebar-layout":"default","site-content-layout":"default","ast-site-content-layout":"default","site-content-style":"default","site-sidebar-style":"default","ast-global-header-display":"","ast-banner-title-visibility":"","ast-main-header-display":"","ast-hfb-above-header-display":"","ast-hfb-below-header-display":"","ast-hfb-mobile-header-display":"","site-post-title":"","ast-breadcrumbs-content":"","ast-featured-img":"","footer-sml-layout":"","theme-transparent-header-meta":"default","adv-header-id-meta":"","stick-header-meta":"","header-above-stick-meta":"","header-main-stick-meta":"","header-below-stick-meta":"","astra-migrate-meta-layouts":"default","ast-page-background-enabled":"default","ast-page-background-meta":{"desktop":{"background-color":"var(--ast-global-color-4)","background-image":"","background-repeat":"repeat","background-position":"center center","background-size":"auto","background-attachment":"scroll","background-type":"","background-media":"","overlay-type":"","overlay-color":"","overlay-opacity":"","overlay-gradient":""},"tablet":{"background-color":"","background-image":"","background-repeat":"repeat","background-position":"center center","background-size":"auto","background-attachment":"scroll","background-type":"","background-media":"","overlay-type":"","overlay-color":"","overlay-opacity":"","overlay-gradient":""},"mobile":{"background-color":"","background-image":"","background-repeat":"repeat","background-position":"center center","background-size":"auto","background-attachment":"scroll","background-type":"","background-media":"","overlay-type":"","overlay-color":"","overlay-opacity":"","overlay-gradient":""}},"ast-content-background-meta":{"desktop":{"background-color":"var(--ast-global-color-5)","background-image":"","background-repeat":"repeat","background-position":"center center","background-size":"auto","background-attachment":"scroll","background-type":"","background-media":"","overlay-type":"","overlay-color":"","overlay-opacity":"","overlay-gradient":""},"tablet":{"background-color":"var(--ast-global-color-5)","background-image":"","background-repeat":"repeat","background-position":"center center","background-size":"auto","background-attachment":"scroll","background-type":"","background-media":"","overlay-type":"","overlay-color":"","overlay-opacity":"","overlay-gradient":""},"mobile":{"background-color":"var(--ast-global-color-5)","background-image":"","background-repeat":"repeat","background-position":"center center","background-size":"auto","background-attachment":"scroll","background-type":"","background-media":"","overlay-type":"","overlay-color":"","overlay-opacity":"","overlay-gradient":""}}},"product_brand":[],"product_cat":[278,513,20,18],"product_tag":[515,281,268,514],"class_list":{"0":"post-2057","1":"product","2":"type-product","3":"status-publish","4":"has-post-thumbnail","6":"product_cat-lasten-lelut","7":"product_cat-stiga-lelut","8":"product_cat-stihl","9":"product_cat-tuotteet","10":"product_tag-leikkileikkuri","11":"product_tag-lelut","12":"product_tag-stiga","13":"product_tag-stiga-lelut","14":"product_shipping_class-posti","15":"desktop-align-left","16":"tablet-align-left","17":"mobile-align-left","19":"first","20":"outofstock","21":"taxable","22":"shipping-taxable","23":"purchasable","24":"product-type-simple"},"_links":{"self":[{"href":"https:\/\/apupapu.fi\/verkkokauppa\/wp-json\/wp\/v2\/product\/2057","targetHints":{"allow":["GET"]}}],"collection":[{"href":"https:\/\/apupapu.fi\/verkkokauppa\/wp-json\/wp\/v2\/product"}],"about":[{"href":"https:\/\/apupapu.fi\/verkkokauppa\/wp-json\/wp\/v2\/types\/product"}],"wp:featuredmedia":[{"embeddable":true,"href":"https:\/\/apupapu.fi\/verkkokauppa\/wp-json\/wp\/v2\/media\/2058"}],"wp:attachment":[{"href":"https:\/\/apupapu.fi\/verkkokauppa\/wp-json\/wp\/v2\/media?parent=2057"}],"wp:term":[{"taxonomy":"product_brand","embeddable":true,"href":"https:\/\/apupapu.fi\/verkkokauppa\/wp-json\/wp\/v2\/product_brand?post=2057"},{"taxonomy":"product_cat","embeddable":true,"href":"https:\/\/apupapu.fi\/verkkokauppa\/wp-json\/wp\/v2\/product_cat?post=2057"},{"taxonomy":"product_tag","embeddable":true,"href":"https:\/\/apupapu.fi\/verkkokauppa\/wp-json\/wp\/v2\/product_tag?post=2057"}],"curies":[{"name":"wp","href":"https:\/\/api.w.org\/{rel}","templated":true}]}}