{"id":1626,"date":"2021-03-25T12:56:51","date_gmt":"2021-03-25T10:56:51","guid":{"rendered":"https:\/\/apupapu.fi\/verkkokauppa\/?post_type=product&#038;p=1626"},"modified":"2023-06-07T23:20:49","modified_gmt":"2023-06-07T21:20:49","slug":"stihl-multioil_bio","status":"publish","type":"product","link":"https:\/\/apupapu.fi\/verkkokauppa\/tuote\/stihl-multioil_bio\/","title":{"rendered":"STIHL Multioil Bio Monitoimi\u00f6ljy"},"content":{"rendered":"<div class=\"tabs\">\n<div class=\"wrapper_content\">\n<div class=\"tabbody tabbody_large container_tab_1\">\n<div class=\"product-slider-wrapper\">\n<div class=\"product-carousel slick-initialized slick-slider slick-dotted\">\n<div class=\"slick-list draggable\">\n<div class=\"slick-track\">\n<div id=\"slick-slide00\" class=\"product-carousel-item slick-slide slick-current slick-active\" tabindex=\"0\" role=\"tabpanel\" data-slick-index=\"0\" aria-hidden=\"false\" aria-describedby=\"slick-slide-control00\">Monipuolinen monitoimi\u00f6ljy (50ml).<\/div>\n<div class=\"product-carousel-item slick-slide slick-current slick-active\" tabindex=\"0\" role=\"tabpanel\" data-slick-index=\"0\" aria-hidden=\"false\" aria-describedby=\"slick-slide-control00\">\n<p>Toimii voiteluaineena (esim. GTA 26), puhdistusaineena, korroosiosuojana, ruostesuojana ja tunkeutumis\u00f6ljyn\u00e4. <strong>Ei saa k\u00e4ytt\u00e4\u00e4 ketju\u00f6ljyn\u00e4 moottorisahoissa.<\/strong><\/p>\n<\/div>\n<div class=\"product-carousel-item slick-slide slick-current slick-active\" tabindex=\"0\" role=\"tabpanel\" data-slick-index=\"0\" aria-hidden=\"false\" aria-describedby=\"slick-slide-control00\">\n<p>\u00d6ljyn koostumus on ymp\u00e4rist\u00f6yst\u00e4v\u00e4llinen: se on valmistettu 90-prosenttisesti uusiutuvista raaka-aineista ja on jopa 90-prosenttisesti biohajoava. Luonnon\u00f6ljypohjainen, ei hartsiinnu.<\/p>\n<\/div>\n<div class=\"product-carousel-item slick-slide slick-current slick-active\" tabindex=\"0\" role=\"tabpanel\" data-slick-index=\"0\" aria-hidden=\"false\" aria-describedby=\"slick-slide-control00\">Koko: 50 ml<\/div>\n<div tabindex=\"0\" role=\"tabpanel\" data-slick-index=\"0\" aria-hidden=\"false\" aria-describedby=\"slick-slide-control00\"><\/div>\n<div tabindex=\"0\" role=\"tabpanel\" data-slick-index=\"0\" aria-hidden=\"false\" aria-describedby=\"slick-slide-control00\"><img loading=\"lazy\" decoding=\"async\" class=\"alignnone wp-image-469\" src=\"https:\/\/apupapu.fi\/verkkokauppa\/wp-content\/uploads\/2020\/11\/STIHL_LOGO.jpg\" alt=\"\" width=\"96\" height=\"42\" srcset=\"https:\/\/apupapu.fi\/verkkokauppa\/wp-content\/uploads\/2020\/11\/STIHL_LOGO.jpg 709w, https:\/\/apupapu.fi\/verkkokauppa\/wp-content\/uploads\/2020\/11\/STIHL_LOGO-300x131.jpg 300w, https:\/\/apupapu.fi\/verkkokauppa\/wp-content\/uploads\/2020\/11\/STIHL_LOGO-600x262.jpg 600w\" sizes=\"auto, (max-width: 96px) 100vw, 96px\" \/><\/div>\n<div tabindex=\"0\" role=\"tabpanel\" data-slick-index=\"0\" aria-hidden=\"false\" aria-describedby=\"slick-slide-control00\"><\/div>\n<\/div>\n<\/div>\n<\/div>\n<\/div>\n<\/div>\n<\/div>\n<\/div>\n","protected":false},"excerpt":{"rendered":"<p><img loading=\"lazy\" decoding=\"async\" class=\"alignnone wp-image-469\" src=\"https:\/\/apupapu.fi\/verkkokauppa\/wp-content\/uploads\/2020\/11\/STIHL_LOGO.jpg\" alt=\"\" width=\"96\" height=\"42\" srcset=\"https:\/\/apupapu.fi\/verkkokauppa\/wp-content\/uploads\/2020\/11\/STIHL_LOGO.jpg 709w, https:\/\/apupapu.fi\/verkkokauppa\/wp-content\/uploads\/2020\/11\/STIHL_LOGO-300x131.jpg 300w, https:\/\/apupapu.fi\/verkkokauppa\/wp-content\/uploads\/2020\/11\/STIHL_LOGO-600x262.jpg 600w\" sizes=\"auto, (max-width: 96px) 100vw, 96px\" \/><\/p>\n","protected":false},"featured_media":1630,"template":"","meta":{"site-sidebar-layout":"default","site-content-layout":"default","ast-site-content-layout":"default","site-content-style":"default","site-sidebar-style":"default","ast-global-header-display":"","ast-banner-title-visibility":"","ast-main-header-display":"","ast-hfb-above-header-display":"","ast-hfb-below-header-display":"","ast-hfb-mobile-header-display":"","site-post-title":"","ast-breadcrumbs-content":"","ast-featured-img":"","footer-sml-layout":"","theme-transparent-header-meta":"default","adv-header-id-meta":"","stick-header-meta":"","header-above-stick-meta":"","header-main-stick-meta":"","header-below-stick-meta":"","astra-migrate-meta-layouts":"default","ast-page-background-enabled":"default","ast-page-background-meta":{"desktop":{"background-color":"var(--ast-global-color-4)","background-image":"","background-repeat":"repeat","background-position":"center center","background-size":"auto","background-attachment":"scroll","background-type":"","background-media":"","overlay-type":"","overlay-color":"","overlay-opacity":"","overlay-gradient":""},"tablet":{"background-color":"","background-image":"","background-repeat":"repeat","background-position":"center center","background-size":"auto","background-attachment":"scroll","background-type":"","background-media":"","overlay-type":"","overlay-color":"","overlay-opacity":"","overlay-gradient":""},"mobile":{"background-color":"","background-image":"","background-repeat":"repeat","background-position":"center center","background-size":"auto","background-attachment":"scroll","background-type":"","background-media":"","overlay-type":"","overlay-color":"","overlay-opacity":"","overlay-gradient":""}},"ast-content-background-meta":{"desktop":{"background-color":"var(--ast-global-color-5)","background-image":"","background-repeat":"repeat","background-position":"center center","background-size":"auto","background-attachment":"scroll","background-type":"","background-media":"","overlay-type":"","overlay-color":"","overlay-opacity":"","overlay-gradient":""},"tablet":{"background-color":"var(--ast-global-color-5)","background-image":"","background-repeat":"repeat","background-position":"center center","background-size":"auto","background-attachment":"scroll","background-type":"","background-media":"","overlay-type":"","overlay-color":"","overlay-opacity":"","overlay-gradient":""},"mobile":{"background-color":"var(--ast-global-color-5)","background-image":"","background-repeat":"repeat","background-position":"center center","background-size":"auto","background-attachment":"scroll","background-type":"","background-media":"","overlay-type":"","overlay-color":"","overlay-opacity":"","overlay-gradient":""}}},"product_brand":[],"product_cat":[89,20,189,72,18],"product_tag":[194,200,480,479,478,206,24],"class_list":{"0":"post-1626","1":"product","2":"type-product","3":"status-publish","4":"has-post-thumbnail","6":"product_cat-puutarhatuotteet","7":"product_cat-stihl","8":"product_cat-stihl-puutarhaleikkurit","9":"product_cat-stihl-tarvikkeet","10":"product_cat-tuotteet","11":"product_tag-hsa","12":"product_tag-hsa-26","13":"product_tag-monitoimioljy","14":"product_tag-multioil-bio","15":"product_tag-oljy","16":"product_tag-puutarhaleikkuri","17":"product_tag-stihl","18":"product_shipping_class-posti","19":"desktop-align-left","20":"tablet-align-left","21":"mobile-align-left","23":"first","24":"instock","25":"taxable","26":"shipping-taxable","27":"purchasable","28":"product-type-simple"},"_links":{"self":[{"href":"https:\/\/apupapu.fi\/verkkokauppa\/wp-json\/wp\/v2\/product\/1626","targetHints":{"allow":["GET"]}}],"collection":[{"href":"https:\/\/apupapu.fi\/verkkokauppa\/wp-json\/wp\/v2\/product"}],"about":[{"href":"https:\/\/apupapu.fi\/verkkokauppa\/wp-json\/wp\/v2\/types\/product"}],"wp:featuredmedia":[{"embeddable":true,"href":"https:\/\/apupapu.fi\/verkkokauppa\/wp-json\/wp\/v2\/media\/1630"}],"wp:attachment":[{"href":"https:\/\/apupapu.fi\/verkkokauppa\/wp-json\/wp\/v2\/media?parent=1626"}],"wp:term":[{"taxonomy":"product_brand","embeddable":true,"href":"https:\/\/apupapu.fi\/verkkokauppa\/wp-json\/wp\/v2\/product_brand?post=1626"},{"taxonomy":"product_cat","embeddable":true,"href":"https:\/\/apupapu.fi\/verkkokauppa\/wp-json\/wp\/v2\/product_cat?post=1626"},{"taxonomy":"product_tag","embeddable":true,"href":"https:\/\/apupapu.fi\/verkkokauppa\/wp-json\/wp\/v2\/product_tag?post=1626"}],"curies":[{"name":"wp","href":"https:\/\/api.w.org\/{rel}","templated":true}]}}