{"id":1589,"date":"2021-03-17T15:51:52","date_gmt":"2021-03-17T13:51:52","guid":{"rendered":"https:\/\/apupapu.fi\/verkkokauppa\/?post_type=product&#038;p=1589"},"modified":"2023-06-07T23:30:53","modified_gmt":"2023-06-07T21:30:53","slug":"husqvarna-painepesuri-pw-360","status":"publish","type":"product","link":"https:\/\/apupapu.fi\/verkkokauppa\/tuote\/husqvarna-painepesuri-pw-360\/","title":{"rendered":"Husqvarna PW 360 Painepesuri"},"content":{"rendered":"<div>Suorituskykyinen ja rakenteeltaan tarkoituksenmukainen pesuri varmistaa vertaansa vailla olevat pesutulokset.<\/div>\n<div>Soveltuu vaativiin teht\u00e4viin, esim. ajoneuvojen ja kivimuurien puhdistamiseen. Mukana toimitetaan ter\u00e4svahvisteinen paineletku. Induktiomoottori ja metallipumppu takaavat luotettavan suorituskyvyn ja pitk\u00e4n k\u00e4ytt\u00f6i\u00e4n. Alumiininen kantokahva helpottaa siirt\u00e4mist\u00e4 ja letkun pikaliit\u00e4nt\u00e4, suuret, tukevat ja pit\u00e4v\u00e4t py\u00f6r\u00e4t sek\u00e4 pitk\u00e4 ruiskuvarsi lis\u00e4\u00e4v\u00e4t k\u00e4ytt\u00f6mukavuutta. Pesurissa on kaksi n\u00e4pp\u00e4r\u00e4\u00e4 niveltoimintoa, toinen suuttimen s\u00e4\u00e4d\u00f6lle ja toinen pikaliitokselle. K\u00e4ytt\u00f6\u00e4 tehostavat integroidut lis\u00e4varusteiden ja virtajohdon s\u00e4ilytystilat sek\u00e4 letkukela. Mukana toimitetaan kaksi suutinta ja yksi vaahtoruisku.<\/div>\n<div class=\"col-xs-8 col-md-6 no-padding\">\n<p>&nbsp;<\/p>\n<ul>\n<li class=\"product-icon-holder\">Suurin paine <strong style=\"font-size: 16px;\">160 bar<\/strong><\/li>\n<li class=\"product-icon-holder\">Vesim\u00e4\u00e4r\u00e4 <strong style=\"font-size: 16px;\">410-500 l\/h<\/strong><\/li>\n<li class=\"product-icon-holder\">Nimellisteho <strong style=\"font-size: 16px;\">2300 W<\/strong><\/li>\n<li class=\"product-icon-holder\">Letkun pituus <strong style=\"font-size: 16px;\">10 m<\/strong><\/li>\n<\/ul>\n<\/div>\n<p><img loading=\"lazy\" decoding=\"async\" class=\"\" src=\"https:\/\/apupapu.fi\/verkkokauppa\/wp-content\/uploads\/2020\/11\/Husqvarna-logo.png\" width=\"169\" height=\"31\" \/><\/p>\n<p>&nbsp;<\/p>\n","protected":false},"excerpt":{"rendered":"<h5><img loading=\"lazy\" decoding=\"async\" class=\"\" src=\"https:\/\/apupapu.fi\/verkkokauppa\/wp-content\/uploads\/2020\/11\/Husqvarna-logo.png\" width=\"169\" height=\"31\" \/><\/h5>\n<p>&nbsp;<\/p>\n<h5><\/h5>\n<p>&nbsp;<\/p>\n","protected":false},"featured_media":1593,"template":"","meta":{"site-sidebar-layout":"default","site-content-layout":"default","ast-site-content-layout":"default","site-content-style":"default","site-sidebar-style":"default","ast-global-header-display":"","ast-banner-title-visibility":"","ast-main-header-display":"","ast-hfb-above-header-display":"","ast-hfb-below-header-display":"","ast-hfb-mobile-header-display":"","site-post-title":"","ast-breadcrumbs-content":"","ast-featured-img":"","footer-sml-layout":"","theme-transparent-header-meta":"default","adv-header-id-meta":"","stick-header-meta":"","header-above-stick-meta":"","header-main-stick-meta":"","header-below-stick-meta":"","astra-migrate-meta-layouts":"default","ast-page-background-enabled":"default","ast-page-background-meta":{"desktop":{"background-color":"var(--ast-global-color-4)","background-image":"","background-repeat":"repeat","background-position":"center center","background-size":"auto","background-attachment":"scroll","background-type":"","background-media":"","overlay-type":"","overlay-color":"","overlay-opacity":"","overlay-gradient":""},"tablet":{"background-color":"","background-image":"","background-repeat":"repeat","background-position":"center center","background-size":"auto","background-attachment":"scroll","background-type":"","background-media":"","overlay-type":"","overlay-color":"","overlay-opacity":"","overlay-gradient":""},"mobile":{"background-color":"","background-image":"","background-repeat":"repeat","background-position":"center center","background-size":"auto","background-attachment":"scroll","background-type":"","background-media":"","overlay-type":"","overlay-color":"","overlay-opacity":"","overlay-gradient":""}},"ast-content-background-meta":{"desktop":{"background-color":"var(--ast-global-color-5)","background-image":"","background-repeat":"repeat","background-position":"center center","background-size":"auto","background-attachment":"scroll","background-type":"","background-media":"","overlay-type":"","overlay-color":"","overlay-opacity":"","overlay-gradient":""},"tablet":{"background-color":"var(--ast-global-color-5)","background-image":"","background-repeat":"repeat","background-position":"center center","background-size":"auto","background-attachment":"scroll","background-type":"","background-media":"","overlay-type":"","overlay-color":"","overlay-opacity":"","overlay-gradient":""},"mobile":{"background-color":"var(--ast-global-color-5)","background-image":"","background-repeat":"repeat","background-position":"center center","background-size":"auto","background-attachment":"scroll","background-type":"","background-media":"","overlay-type":"","overlay-color":"","overlay-opacity":"","overlay-gradient":""}}},"product_brand":[],"product_cat":[29,472,395,18],"product_tag":[44,411,474,473],"class_list":{"0":"post-1589","1":"product","2":"type-product","3":"status-publish","4":"has-post-thumbnail","6":"product_cat-husqvarna","7":"product_cat-husqvarna-painepesurit","8":"product_cat-painepesurit","9":"product_cat-tuotteet","10":"product_tag-husqvarna","11":"product_tag-painepesuri","12":"product_tag-pesurit","13":"product_tag-pw-360","14":"product_shipping_class-posti-paketti","15":"desktop-align-left","16":"tablet-align-left","17":"mobile-align-left","19":"first","20":"instock","21":"taxable","22":"shipping-taxable","23":"purchasable","24":"product-type-simple"},"_links":{"self":[{"href":"https:\/\/apupapu.fi\/verkkokauppa\/wp-json\/wp\/v2\/product\/1589","targetHints":{"allow":["GET"]}}],"collection":[{"href":"https:\/\/apupapu.fi\/verkkokauppa\/wp-json\/wp\/v2\/product"}],"about":[{"href":"https:\/\/apupapu.fi\/verkkokauppa\/wp-json\/wp\/v2\/types\/product"}],"wp:featuredmedia":[{"embeddable":true,"href":"https:\/\/apupapu.fi\/verkkokauppa\/wp-json\/wp\/v2\/media\/1593"}],"wp:attachment":[{"href":"https:\/\/apupapu.fi\/verkkokauppa\/wp-json\/wp\/v2\/media?parent=1589"}],"wp:term":[{"taxonomy":"product_brand","embeddable":true,"href":"https:\/\/apupapu.fi\/verkkokauppa\/wp-json\/wp\/v2\/product_brand?post=1589"},{"taxonomy":"product_cat","embeddable":true,"href":"https:\/\/apupapu.fi\/verkkokauppa\/wp-json\/wp\/v2\/product_cat?post=1589"},{"taxonomy":"product_tag","embeddable":true,"href":"https:\/\/apupapu.fi\/verkkokauppa\/wp-json\/wp\/v2\/product_tag?post=1589"}],"curies":[{"name":"wp","href":"https:\/\/api.w.org\/{rel}","templated":true}]}}