{"id":1548,"date":"2021-03-17T13:35:14","date_gmt":"2021-03-17T11:35:14","guid":{"rendered":"https:\/\/apupapu.fi\/verkkokauppa\/?post_type=product&#038;p=1548"},"modified":"2021-03-17T14:31:39","modified_gmt":"2021-03-17T12:31:39","slug":"husqvarna-metsatyopusero-functional","status":"publish","type":"product","link":"https:\/\/apupapu.fi\/verkkokauppa\/tuote\/husqvarna-metsatyopusero-functional\/","title":{"rendered":"Husqvarna Mets\u00e4ty\u00f6pusero Functional"},"content":{"rendered":"<p>Helppo k\u00e4ytt\u00e4\u00e4 kevyiss\u00e4 mets\u00e4t\u00f6iss\u00e4.\u00a0Valmistettu korkealaatuisesta 100% mikropolyesterist\u00e4, CorduraR-vahvistuksella ranteiden ymp\u00e4rill\u00e4.\u00a0Useat s\u00e4\u00e4t\u00f6ominaisuudet takaavat t\u00e4ydellisen istuvuuden.<\/p>\n<p>Vetoketjut kainaloissa, joten voit s\u00e4\u00e4t\u00e4\u00e4 ilmavirtaa mielesi mukaan. Joustava kiristysnauha vy\u00f6t\u00e4r\u00f6ll\u00e4, jossa on narulukko.<\/p>\n<p><em>Vaatteiden mitoitus ja istuvuus riippuvat valitusta mallista. Husqvarnan Classic- ja Functional-sarjojen vaatteissa on ns. normaali mitoitus, ja Technical- ja Technical Extreme -sarjojen vaatteet ovat tyk\u00f6istuvampia.\u00a0<\/em><\/p>\n<p><img loading=\"lazy\" decoding=\"async\" class=\"\" src=\"https:\/\/apupapu.fi\/verkkokauppa\/wp-content\/uploads\/2020\/11\/Husqvarna-logo.png\" width=\"169\" height=\"31\" \/><\/p>\n<p>&nbsp;<\/p>\n","protected":false},"excerpt":{"rendered":"<h5><img loading=\"lazy\" decoding=\"async\" class=\"\" src=\"https:\/\/apupapu.fi\/verkkokauppa\/wp-content\/uploads\/2020\/11\/Husqvarna-logo.png\" width=\"169\" height=\"31\" \/><\/h5>\n<p>&nbsp;<\/p>\n<h5><\/h5>\n<p>&nbsp;<\/p>\n","protected":false},"featured_media":1553,"template":"","meta":{"site-sidebar-layout":"default","site-content-layout":"default","ast-site-content-layout":"default","site-content-style":"default","site-sidebar-style":"default","ast-global-header-display":"","ast-banner-title-visibility":"","ast-main-header-display":"","ast-hfb-above-header-display":"","ast-hfb-below-header-display":"","ast-hfb-mobile-header-display":"","site-post-title":"","ast-breadcrumbs-content":"","ast-featured-img":"","footer-sml-layout":"","theme-transparent-header-meta":"default","adv-header-id-meta":"","stick-header-meta":"","header-above-stick-meta":"","header-main-stick-meta":"","header-below-stick-meta":"","astra-migrate-meta-layouts":"default","ast-page-background-enabled":"default","ast-page-background-meta":{"desktop":{"background-color":"var(--ast-global-color-4)","background-image":"","background-repeat":"repeat","background-position":"center center","background-size":"auto","background-attachment":"scroll","background-type":"","background-media":"","overlay-type":"","overlay-color":"","overlay-opacity":"","overlay-gradient":""},"tablet":{"background-color":"","background-image":"","background-repeat":"repeat","background-position":"center center","background-size":"auto","background-attachment":"scroll","background-type":"","background-media":"","overlay-type":"","overlay-color":"","overlay-opacity":"","overlay-gradient":""},"mobile":{"background-color":"","background-image":"","background-repeat":"repeat","background-position":"center center","background-size":"auto","background-attachment":"scroll","background-type":"","background-media":"","overlay-type":"","overlay-color":"","overlay-opacity":"","overlay-gradient":""}},"ast-content-background-meta":{"desktop":{"background-color":"var(--ast-global-color-5)","background-image":"","background-repeat":"repeat","background-position":"center center","background-size":"auto","background-attachment":"scroll","background-type":"","background-media":"","overlay-type":"","overlay-color":"","overlay-opacity":"","overlay-gradient":""},"tablet":{"background-color":"var(--ast-global-color-5)","background-image":"","background-repeat":"repeat","background-position":"center center","background-size":"auto","background-attachment":"scroll","background-type":"","background-media":"","overlay-type":"","overlay-color":"","overlay-opacity":"","overlay-gradient":""},"mobile":{"background-color":"var(--ast-global-color-5)","background-image":"","background-repeat":"repeat","background-position":"center center","background-size":"auto","background-attachment":"scroll","background-type":"","background-media":"","overlay-type":"","overlay-color":"","overlay-opacity":"","overlay-gradient":""}}},"product_brand":[],"product_cat":[29,49,18,39],"product_tag":[464,44,465,168,169,45],"class_list":{"0":"post-1548","1":"product","2":"type-product","3":"status-publish","4":"has-post-thumbnail","6":"product_cat-husqvarna","7":"product_cat-husqvarna-tyovaatteet","8":"product_cat-tuotteet","9":"product_cat-tyovaatteet","10":"product_tag-functional","11":"product_tag-husqvarna","12":"product_tag-metsatyopusero","13":"product_tag-takki","14":"product_tag-tyotakki","15":"product_tag-tyovaatteet","16":"desktop-align-left","17":"tablet-align-left","18":"mobile-align-left","20":"first","21":"instock","22":"taxable","23":"shipping-taxable","24":"purchasable","25":"product-type-variable"},"_links":{"self":[{"href":"https:\/\/apupapu.fi\/verkkokauppa\/wp-json\/wp\/v2\/product\/1548","targetHints":{"allow":["GET"]}}],"collection":[{"href":"https:\/\/apupapu.fi\/verkkokauppa\/wp-json\/wp\/v2\/product"}],"about":[{"href":"https:\/\/apupapu.fi\/verkkokauppa\/wp-json\/wp\/v2\/types\/product"}],"wp:featuredmedia":[{"embeddable":true,"href":"https:\/\/apupapu.fi\/verkkokauppa\/wp-json\/wp\/v2\/media\/1553"}],"wp:attachment":[{"href":"https:\/\/apupapu.fi\/verkkokauppa\/wp-json\/wp\/v2\/media?parent=1548"}],"wp:term":[{"taxonomy":"product_brand","embeddable":true,"href":"https:\/\/apupapu.fi\/verkkokauppa\/wp-json\/wp\/v2\/product_brand?post=1548"},{"taxonomy":"product_cat","embeddable":true,"href":"https:\/\/apupapu.fi\/verkkokauppa\/wp-json\/wp\/v2\/product_cat?post=1548"},{"taxonomy":"product_tag","embeddable":true,"href":"https:\/\/apupapu.fi\/verkkokauppa\/wp-json\/wp\/v2\/product_tag?post=1548"}],"curies":[{"name":"wp","href":"https:\/\/api.w.org\/{rel}","templated":true}]}}