{"id":1474,"date":"2021-02-26T15:43:16","date_gmt":"2021-02-26T13:43:16","guid":{"rendered":"https:\/\/apupapu.fi\/verkkokauppa\/?post_type=product&#038;p=1474"},"modified":"2021-06-02T13:28:52","modified_gmt":"2021-06-02T11:28:52","slug":"stihl-painepesuri-re-88","status":"publish","type":"product","link":"https:\/\/apupapu.fi\/verkkokauppa\/tuote\/stihl-painepesuri-re-88\/","title":{"rendered":"Stihl Painepesuri RE 88"},"content":{"rendered":"<p>N\u00e4pp\u00e4r\u00e4 kotik\u00e4ytt\u00f6\u00f6n soveltuva painepesuri.<\/p>\n<ul>\n<li>Ty\u00f6paine 100 bar (max paine 120 bar)<\/li>\n<li>Teho 1700 W<\/li>\n<li>Max vesim\u00e4\u00e4r\u00e4 520 l\/h<\/li>\n<li>Max l\u00e4mp\u00f6tila painevesik\u00e4yt\u00f6ll\u00e4 40 C<\/li>\n<li class=\"Property-sc-41ik9-1 cbKGBf\">Virtal\u00e4hde: S\u00e4hk\u00f6k\u00e4ytt\u00f6inen<\/li>\n<li>Korkeapaineletkun pituus 6m<\/li>\n<\/ul>\n<p><img loading=\"lazy\" decoding=\"async\" class=\"alignnone wp-image-469\" src=\"https:\/\/apupapu.fi\/verkkokauppa\/wp-content\/uploads\/2020\/11\/STIHL_LOGO.jpg\" alt=\"\" width=\"96\" height=\"42\" srcset=\"https:\/\/apupapu.fi\/verkkokauppa\/wp-content\/uploads\/2020\/11\/STIHL_LOGO.jpg 709w, https:\/\/apupapu.fi\/verkkokauppa\/wp-content\/uploads\/2020\/11\/STIHL_LOGO-300x131.jpg 300w, https:\/\/apupapu.fi\/verkkokauppa\/wp-content\/uploads\/2020\/11\/STIHL_LOGO-600x262.jpg 600w\" sizes=\"auto, (max-width: 96px) 100vw, 96px\" \/><\/p>\n","protected":false},"excerpt":{"rendered":"<p><img loading=\"lazy\" decoding=\"async\" class=\"alignnone wp-image-469\" src=\"https:\/\/apupapu.fi\/verkkokauppa\/wp-content\/uploads\/2020\/11\/STIHL_LOGO.jpg\" alt=\"\" width=\"96\" height=\"42\" srcset=\"https:\/\/apupapu.fi\/verkkokauppa\/wp-content\/uploads\/2020\/11\/STIHL_LOGO.jpg 709w, https:\/\/apupapu.fi\/verkkokauppa\/wp-content\/uploads\/2020\/11\/STIHL_LOGO-300x131.jpg 300w, https:\/\/apupapu.fi\/verkkokauppa\/wp-content\/uploads\/2020\/11\/STIHL_LOGO-600x262.jpg 600w\" sizes=\"auto, (max-width: 96px) 100vw, 96px\" \/><\/p>\n","protected":false},"featured_media":1531,"template":"","meta":{"site-sidebar-layout":"default","site-content-layout":"default","ast-site-content-layout":"default","site-content-style":"default","site-sidebar-style":"default","ast-global-header-display":"","ast-banner-title-visibility":"","ast-main-header-display":"","ast-hfb-above-header-display":"","ast-hfb-below-header-display":"","ast-hfb-mobile-header-display":"","site-post-title":"","ast-breadcrumbs-content":"","ast-featured-img":"","footer-sml-layout":"","theme-transparent-header-meta":"default","adv-header-id-meta":"","stick-header-meta":"","header-above-stick-meta":"","header-main-stick-meta":"","header-below-stick-meta":"","astra-migrate-meta-layouts":"default","ast-page-background-enabled":"default","ast-page-background-meta":{"desktop":{"background-color":"var(--ast-global-color-4)","background-image":"","background-repeat":"repeat","background-position":"center center","background-size":"auto","background-attachment":"scroll","background-type":"","background-media":"","overlay-type":"","overlay-color":"","overlay-opacity":"","overlay-gradient":""},"tablet":{"background-color":"","background-image":"","background-repeat":"repeat","background-position":"center center","background-size":"auto","background-attachment":"scroll","background-type":"","background-media":"","overlay-type":"","overlay-color":"","overlay-opacity":"","overlay-gradient":""},"mobile":{"background-color":"","background-image":"","background-repeat":"repeat","background-position":"center center","background-size":"auto","background-attachment":"scroll","background-type":"","background-media":"","overlay-type":"","overlay-color":"","overlay-opacity":"","overlay-gradient":""}},"ast-content-background-meta":{"desktop":{"background-color":"var(--ast-global-color-5)","background-image":"","background-repeat":"repeat","background-position":"center center","background-size":"auto","background-attachment":"scroll","background-type":"","background-media":"","overlay-type":"","overlay-color":"","overlay-opacity":"","overlay-gradient":""},"tablet":{"background-color":"var(--ast-global-color-5)","background-image":"","background-repeat":"repeat","background-position":"center center","background-size":"auto","background-attachment":"scroll","background-type":"","background-media":"","overlay-type":"","overlay-color":"","overlay-opacity":"","overlay-gradient":""},"mobile":{"background-color":"var(--ast-global-color-5)","background-image":"","background-repeat":"repeat","background-position":"center center","background-size":"auto","background-attachment":"scroll","background-type":"","background-media":"","overlay-type":"","overlay-color":"","overlay-opacity":"","overlay-gradient":""}}},"product_brand":[],"product_cat":[133,395,20,442,18],"product_tag":[411,392,445,24],"class_list":{"0":"post-1474","1":"product","2":"type-product","3":"status-publish","4":"has-post-thumbnail","6":"product_cat-outlet","7":"product_cat-painepesurit","8":"product_cat-stihl","9":"product_cat-stihl-painepesurit","10":"product_cat-tuotteet","11":"product_tag-painepesuri","12":"product_tag-pesuri","13":"product_tag-re-88","14":"product_tag-stihl","15":"desktop-align-left","16":"tablet-align-left","17":"mobile-align-left","19":"first","20":"outofstock","21":"taxable","22":"shipping-taxable","23":"purchasable","24":"product-type-simple"},"_links":{"self":[{"href":"https:\/\/apupapu.fi\/verkkokauppa\/wp-json\/wp\/v2\/product\/1474","targetHints":{"allow":["GET"]}}],"collection":[{"href":"https:\/\/apupapu.fi\/verkkokauppa\/wp-json\/wp\/v2\/product"}],"about":[{"href":"https:\/\/apupapu.fi\/verkkokauppa\/wp-json\/wp\/v2\/types\/product"}],"wp:featuredmedia":[{"embeddable":true,"href":"https:\/\/apupapu.fi\/verkkokauppa\/wp-json\/wp\/v2\/media\/1531"}],"wp:attachment":[{"href":"https:\/\/apupapu.fi\/verkkokauppa\/wp-json\/wp\/v2\/media?parent=1474"}],"wp:term":[{"taxonomy":"product_brand","embeddable":true,"href":"https:\/\/apupapu.fi\/verkkokauppa\/wp-json\/wp\/v2\/product_brand?post=1474"},{"taxonomy":"product_cat","embeddable":true,"href":"https:\/\/apupapu.fi\/verkkokauppa\/wp-json\/wp\/v2\/product_cat?post=1474"},{"taxonomy":"product_tag","embeddable":true,"href":"https:\/\/apupapu.fi\/verkkokauppa\/wp-json\/wp\/v2\/product_tag?post=1474"}],"curies":[{"name":"wp","href":"https:\/\/api.w.org\/{rel}","templated":true}]}}