{"id":1455,"date":"2021-02-26T11:52:44","date_gmt":"2021-02-26T09:52:44","guid":{"rendered":"https:\/\/apupapu.fi\/verkkokauppa\/?post_type=product&#038;p=1455"},"modified":"2023-06-07T23:32:53","modified_gmt":"2023-06-07T21:32:53","slug":"husqvarna-moottorisaha-435_ii","status":"publish","type":"product","link":"https:\/\/apupapu.fi\/verkkokauppa\/tuote\/husqvarna-moottorisaha-435_ii\/","title":{"rendered":"Husqvarna Moottorisaha 435 II"},"content":{"rendered":"<p>Kevyt ja tehokas yleissaha on \u00e4\u00e4rimm\u00e4isen helposti k\u00e4ynnistyv\u00e4 ja hallittava. Ainutlaatuinen X-Torq\u00ae-moottori v\u00e4hent\u00e4\u00e4 polttoaineenkulutusta ja haitallisia p\u00e4\u00e4st\u00f6j\u00e4 merkitt\u00e4v\u00e4sti. Varustettu k\u00e4ynnistyst\u00e4 helpottavilla polttoainepumpulla ja automaattisesti k\u00e4ynnistysasentoon palautuvalla stop-katkaisimella.<\/p>\n<p><strong><span class=\"price-includes-title\">Hintaan sis\u00e4ltyv\u00e4t: Ter\u00e4levy (X-Force 13&#8243; .325&#8243; 1,3 mm Pixel) ja ter\u00e4suoja.<\/span><\/strong><\/p>\n<div id=\"MainContentPlaceHolder_BaseContentPlaceHolder_pmain_0_ctl00_productOverview_standardequipment_rpStandardEquipment_content_18\"><\/div>\n<div class=\"\">\n<div class=\"col-xs-12 \">\n<div class=\"row\">\n<ul class=\"list-unstyled col-xs-12 product-properties\">\n<li class=\"row\">\n<div class=\"col-xs-8 col-md-6 no-padding\">\n<div class=\"product-icon-holder\"><i class=\"c-icon hq-icon hq-icon-engine-motor hq-icon-x1 \" title=\"\"><\/i>Sylinteritilavuus <strong style=\"font-size: 16px;\">40.9 cm\u00b3<\/strong><\/div>\n<\/div>\n<\/li>\n<li class=\"row\">\n<div class=\"col-xs-8 col-md-6 no-padding\">\n<div class=\"product-icon-holder\"><i class=\"c-icon hq-icon hq-icon-power hq-icon-x1 \" title=\"\"><\/i>Teho <strong style=\"font-size: 16px;\">1.6 kW<\/strong><\/div>\n<\/div>\n<\/li>\n<li class=\"row\">\n<div class=\"col-xs-8 col-md-6 no-padding\">\n<div class=\"product-icon-holder\"><i class=\"c-icon hq-icon hq-icon-bar-length hq-icon-x1 \" title=\"\"><\/i>Suositeltu ter\u00e4levyn pituus, maks. <strong style=\"font-size: 16px;\">45 cm<\/strong><\/div>\n<\/div>\n<\/li>\n<li class=\"row\">\n<div class=\"col-xs-8 col-md-6 no-padding\">\n<div class=\"product-icon-holder\"><i class=\"c-icon hq-icon hq-icon-weight hq-icon-x1 \" title=\"\"><\/i>Paino (ilman ter\u00e4varustusta) <strong style=\"font-size: 16px;\">4.2 kg<\/strong><\/div>\n<\/div>\n<\/li>\n<\/ul>\n<\/div>\n<\/div>\n<\/div>\n<p>Moottorisahaa k\u00e4ytett\u00e4ess\u00e4 suosittelemme k\u00e4ytt\u00e4m\u00e4\u00e4n turvavarusteita.<\/p>\n<p><em>Moottorisahat myymme t\u00e4ll\u00e4hetkell\u00e4 vain myym\u00e4l\u00e4 noutona!<\/em><\/p>\n<p>&nbsp;<\/p>\n<p><img loading=\"lazy\" decoding=\"async\" class=\"\" src=\"https:\/\/apupapu.fi\/verkkokauppa\/wp-content\/uploads\/2020\/11\/Husqvarna-logo.png\" width=\"169\" height=\"31\" \/><\/p>\n<p>&nbsp;<\/p>\n","protected":false},"excerpt":{"rendered":"<p><img loading=\"lazy\" decoding=\"async\" class=\"\" src=\"https:\/\/apupapu.fi\/verkkokauppa\/wp-content\/uploads\/2020\/11\/Husqvarna-logo.png\" width=\"169\" height=\"31\" \/><\/p>\n<p>&nbsp;<\/p>\n","protected":false},"featured_media":1485,"template":"","meta":{"site-sidebar-layout":"default","site-content-layout":"default","ast-site-content-layout":"default","site-content-style":"default","site-sidebar-style":"default","ast-global-header-display":"","ast-banner-title-visibility":"","ast-main-header-display":"","ast-hfb-above-header-display":"","ast-hfb-below-header-display":"","ast-hfb-mobile-header-display":"","site-post-title":"","ast-breadcrumbs-content":"","ast-featured-img":"","footer-sml-layout":"","theme-transparent-header-meta":"default","adv-header-id-meta":"","stick-header-meta":"","header-above-stick-meta":"","header-main-stick-meta":"","header-below-stick-meta":"","astra-migrate-meta-layouts":"default","ast-page-background-enabled":"default","ast-page-background-meta":{"desktop":{"background-color":"var(--ast-global-color-4)","background-image":"","background-repeat":"repeat","background-position":"center center","background-size":"auto","background-attachment":"scroll","background-type":"","background-media":"","overlay-type":"","overlay-color":"","overlay-opacity":"","overlay-gradient":""},"tablet":{"background-color":"","background-image":"","background-repeat":"repeat","background-position":"center center","background-size":"auto","background-attachment":"scroll","background-type":"","background-media":"","overlay-type":"","overlay-color":"","overlay-opacity":"","overlay-gradient":""},"mobile":{"background-color":"","background-image":"","background-repeat":"repeat","background-position":"center center","background-size":"auto","background-attachment":"scroll","background-type":"","background-media":"","overlay-type":"","overlay-color":"","overlay-opacity":"","overlay-gradient":""}},"ast-content-background-meta":{"desktop":{"background-color":"var(--ast-global-color-5)","background-image":"","background-repeat":"repeat","background-position":"center center","background-size":"auto","background-attachment":"scroll","background-type":"","background-media":"","overlay-type":"","overlay-color":"","overlay-opacity":"","overlay-gradient":""},"tablet":{"background-color":"var(--ast-global-color-5)","background-image":"","background-repeat":"repeat","background-position":"center center","background-size":"auto","background-attachment":"scroll","background-type":"","background-media":"","overlay-type":"","overlay-color":"","overlay-opacity":"","overlay-gradient":""},"mobile":{"background-color":"var(--ast-global-color-5)","background-image":"","background-repeat":"repeat","background-position":"center center","background-size":"auto","background-attachment":"scroll","background-type":"","background-media":"","overlay-type":"","overlay-color":"","overlay-opacity":"","overlay-gradient":""}}},"product_brand":[],"product_cat":[29,323,177,18],"product_tag":[435,44,125,180,330,436],"class_list":{"0":"post-1455","1":"product","2":"type-product","3":"status-publish","4":"has-post-thumbnail","6":"product_cat-husqvarna","7":"product_cat-husqvarna-moottorisahat","8":"product_cat-moottorisahat","9":"product_cat-tuotteet","10":"product_tag-435-ii","11":"product_tag-husqvarna","12":"product_tag-moottorisaha","13":"product_tag-polttomoottori","14":"product_tag-x-torq","15":"product_tag-yleissaha","16":"product_shipping_class-nouto-myymalasta-kaajantie-3-orivesi","17":"desktop-align-left","18":"tablet-align-left","19":"mobile-align-left","21":"first","22":"instock","23":"taxable","24":"shipping-taxable","25":"purchasable","26":"product-type-simple"},"_links":{"self":[{"href":"https:\/\/apupapu.fi\/verkkokauppa\/wp-json\/wp\/v2\/product\/1455","targetHints":{"allow":["GET"]}}],"collection":[{"href":"https:\/\/apupapu.fi\/verkkokauppa\/wp-json\/wp\/v2\/product"}],"about":[{"href":"https:\/\/apupapu.fi\/verkkokauppa\/wp-json\/wp\/v2\/types\/product"}],"wp:featuredmedia":[{"embeddable":true,"href":"https:\/\/apupapu.fi\/verkkokauppa\/wp-json\/wp\/v2\/media\/1485"}],"wp:attachment":[{"href":"https:\/\/apupapu.fi\/verkkokauppa\/wp-json\/wp\/v2\/media?parent=1455"}],"wp:term":[{"taxonomy":"product_brand","embeddable":true,"href":"https:\/\/apupapu.fi\/verkkokauppa\/wp-json\/wp\/v2\/product_brand?post=1455"},{"taxonomy":"product_cat","embeddable":true,"href":"https:\/\/apupapu.fi\/verkkokauppa\/wp-json\/wp\/v2\/product_cat?post=1455"},{"taxonomy":"product_tag","embeddable":true,"href":"https:\/\/apupapu.fi\/verkkokauppa\/wp-json\/wp\/v2\/product_tag?post=1455"}],"curies":[{"name":"wp","href":"https:\/\/api.w.org\/{rel}","templated":true}]}}