{"id":1443,"date":"2021-02-24T10:44:57","date_gmt":"2021-02-24T08:44:57","guid":{"rendered":"https:\/\/apupapu.fi\/verkkokauppa\/?post_type=product&#038;p=1443"},"modified":"2025-03-11T17:44:18","modified_gmt":"2025-03-11T15:44:18","slug":"husqvarna-siimapaa_trimmy_s_ii","status":"publish","type":"product","link":"https:\/\/apupapu.fi\/verkkokauppa\/tuote\/husqvarna-siimapaa_trimmy_s_ii\/","title":{"rendered":"HUSQVARNA Siimap\u00e4\u00e4 Trimmy S II"},"content":{"rendered":"<div class=\"col-xs-8 col-md-6 no-padding\">\n<div class=\"product-icon-holder\">\n<div class=\"\">\n<div class=\"col-xs-12 \">\n<div class=\"row\">\n<div class=\"col-xs-8 col-md-6 no-padding\">\n<div class=\"product-icon-holder\">\n<p>Siimap\u00e4\u00e4, jossa manuaalinen siimansy\u00f6tt\u00f6.<\/p>\n<p>Siimaa sy\u00f6tet\u00e4\u00e4n painamalla siimansy\u00f6tt\u00f6painiketta ja vet\u00e4m\u00e4ll\u00e4 siimasta.<\/p>\n<p class=\"h4 description-headline\">Sy\u00f6tt\u00f6nupissa laaja kosketuspinta &#8211; <span class=\"description-text\">Koneen k\u00e4ynti on tasaisempaa t\u00e4t\u00e4 siimap\u00e4\u00e4t\u00e4 k\u00e4ytett\u00e4ess\u00e4. <\/span>Kuulalaakeroitu siiman sy\u00f6tt\u00f6nuppi &#8211; <span class=\"description-text\">Siima kuluu v\u00e4hemm\u00e4n ja kest\u00e4\u00e4 pidemp\u00e4\u00e4n k\u00e4yt\u00f6ss\u00e4.<\/span><\/p>\n<p>&nbsp;<\/p>\n<\/div>\n<\/div>\n<\/div>\n<\/div>\n<\/div>\n<\/div>\n<\/div>\n<p><img loading=\"lazy\" decoding=\"async\" class=\"\" src=\"https:\/\/apupapu.fi\/verkkokauppa\/wp-content\/uploads\/2020\/11\/Husqvarna-logo.png\" width=\"175\" height=\"32\" \/><\/p>\n","protected":false},"excerpt":{"rendered":"<p><img loading=\"lazy\" decoding=\"async\" class=\"\" src=\"https:\/\/apupapu.fi\/verkkokauppa\/wp-content\/uploads\/2020\/11\/Husqvarna-logo.png\" width=\"175\" height=\"32\" \/><\/p>\n","protected":false},"featured_media":1445,"template":"","meta":{"site-sidebar-layout":"default","site-content-layout":"default","ast-site-content-layout":"default","site-content-style":"default","site-sidebar-style":"default","ast-global-header-display":"","ast-banner-title-visibility":"","ast-main-header-display":"","ast-hfb-above-header-display":"","ast-hfb-below-header-display":"","ast-hfb-mobile-header-display":"","site-post-title":"","ast-breadcrumbs-content":"","ast-featured-img":"","footer-sml-layout":"","theme-transparent-header-meta":"default","adv-header-id-meta":"","stick-header-meta":"","header-above-stick-meta":"","header-main-stick-meta":"","header-below-stick-meta":"","astra-migrate-meta-layouts":"default","ast-page-background-enabled":"default","ast-page-background-meta":{"desktop":{"background-color":"var(--ast-global-color-4)","background-image":"","background-repeat":"repeat","background-position":"center center","background-size":"auto","background-attachment":"scroll","background-type":"","background-media":"","overlay-type":"","overlay-color":"","overlay-opacity":"","overlay-gradient":""},"tablet":{"background-color":"","background-image":"","background-repeat":"repeat","background-position":"center center","background-size":"auto","background-attachment":"scroll","background-type":"","background-media":"","overlay-type":"","overlay-color":"","overlay-opacity":"","overlay-gradient":""},"mobile":{"background-color":"","background-image":"","background-repeat":"repeat","background-position":"center center","background-size":"auto","background-attachment":"scroll","background-type":"","background-media":"","overlay-type":"","overlay-color":"","overlay-opacity":"","overlay-gradient":""}},"ast-content-background-meta":{"desktop":{"background-color":"var(--ast-global-color-5)","background-image":"","background-repeat":"repeat","background-position":"center center","background-size":"auto","background-attachment":"scroll","background-type":"","background-media":"","overlay-type":"","overlay-color":"","overlay-opacity":"","overlay-gradient":""},"tablet":{"background-color":"var(--ast-global-color-5)","background-image":"","background-repeat":"repeat","background-position":"center center","background-size":"auto","background-attachment":"scroll","background-type":"","background-media":"","overlay-type":"","overlay-color":"","overlay-opacity":"","overlay-gradient":""},"mobile":{"background-color":"var(--ast-global-color-5)","background-image":"","background-repeat":"repeat","background-position":"center center","background-size":"auto","background-attachment":"scroll","background-type":"","background-media":"","overlay-type":"","overlay-color":"","overlay-opacity":"","overlay-gradient":""}}},"product_brand":[],"product_cat":[29,66,427,89,67,426,18],"product_tag":[44,308,429,309,430],"class_list":{"0":"post-1443","1":"product","2":"type-product","3":"status-publish","4":"has-post-thumbnail","6":"product_cat-husqvarna","7":"product_cat-husqvarna-tarvikkeet","8":"product_cat-husqvarna-trimmerit","9":"product_cat-puutarhatuotteet","10":"product_cat-tarvikkeet","11":"product_cat-trimmerit","12":"product_cat-tuotteet","13":"product_tag-husqvarna","14":"product_tag-ruohotrimmeri","15":"product_tag-siimapaa","16":"product_tag-trimmeri","17":"product_tag-trimmy-s-ii","18":"product_shipping_class-posti","19":"desktop-align-left","20":"tablet-align-left","21":"mobile-align-left","23":"first","24":"outofstock","25":"taxable","26":"shipping-taxable","27":"purchasable","28":"product-type-simple"},"_links":{"self":[{"href":"https:\/\/apupapu.fi\/verkkokauppa\/wp-json\/wp\/v2\/product\/1443","targetHints":{"allow":["GET"]}}],"collection":[{"href":"https:\/\/apupapu.fi\/verkkokauppa\/wp-json\/wp\/v2\/product"}],"about":[{"href":"https:\/\/apupapu.fi\/verkkokauppa\/wp-json\/wp\/v2\/types\/product"}],"wp:featuredmedia":[{"embeddable":true,"href":"https:\/\/apupapu.fi\/verkkokauppa\/wp-json\/wp\/v2\/media\/1445"}],"wp:attachment":[{"href":"https:\/\/apupapu.fi\/verkkokauppa\/wp-json\/wp\/v2\/media?parent=1443"}],"wp:term":[{"taxonomy":"product_brand","embeddable":true,"href":"https:\/\/apupapu.fi\/verkkokauppa\/wp-json\/wp\/v2\/product_brand?post=1443"},{"taxonomy":"product_cat","embeddable":true,"href":"https:\/\/apupapu.fi\/verkkokauppa\/wp-json\/wp\/v2\/product_cat?post=1443"},{"taxonomy":"product_tag","embeddable":true,"href":"https:\/\/apupapu.fi\/verkkokauppa\/wp-json\/wp\/v2\/product_tag?post=1443"}],"curies":[{"name":"wp","href":"https:\/\/api.w.org\/{rel}","templated":true}]}}