{"id":1233,"date":"2021-01-22T08:59:27","date_gmt":"2021-01-22T06:59:27","guid":{"rendered":"https:\/\/apupapu.fi\/verkkokauppa\/?post_type=product&#038;p=1233"},"modified":"2023-04-26T13:07:29","modified_gmt":"2023-04-26T11:07:29","slug":"husqvarna-moottorisaha-120i","status":"publish","type":"product","link":"https:\/\/apupapu.fi\/verkkokauppa\/tuote\/husqvarna-moottorisaha-120i\/","title":{"rendered":"Husqvarna Moottorisaha 120i"},"content":{"rendered":"<p>Helppok\u00e4ytt\u00f6inen ja kevytrakenteinen <strong>akkusaha<\/strong> soveltuu erinomaisesti pienten puiden kaatamiseen ja oksien karsimiseen.<br \/>\nIntuitiiviset n\u00e4pp\u00e4imet helpottavat laitteen k\u00e4ynnist\u00e4mist\u00e4, ja ketjujarru varmistaa k\u00e4ytt\u00f6turvallisuuden.<br \/>\nP\u00e4\u00e4st\u00f6t\u00f6n ja hiiliharjaton moottori ja pitkin\u00e4kin ty\u00f6jaksoina luotettavan suorituskyvyn takaava savE\u2122-tila.<\/p>\n<p>K\u00e4ynti\u00e4\u00e4ni on niin hiljainen, ett\u00e4 koneen k\u00e4ytt\u00e4minen ei asuinalueillakaan h\u00e4iritse naapureita.<\/p>\n<p><strong>Mukana BLi20-akku ja QC80-laturi sek\u00e4 <\/strong><span class=\"price-includes-title\">\u00a0<strong>Ter\u00e4levy Pixel 12&#8243; .3\/8&#8243; mini 1,1 mm ja ter\u00e4ketjus 12&#8243; .3\/8&#8243; mini 1,1 mm.<\/strong><\/span><\/p>\n<div id=\"MainContentPlaceHolder_BaseContentPlaceHolder_pmain_0_ctl00_productOverview_standardequipment_rpStandardEquipment_content_3\"><\/div>\n<p><strong>\u00a0<\/strong><\/p>\n<p><em>Moottorisahat myymme t\u00e4ll\u00e4hetkell\u00e4 vain myym\u00e4l\u00e4 noutona!<\/em><\/p>\n<p>&nbsp;<\/p>\n<p><img loading=\"lazy\" decoding=\"async\" class=\"\" src=\"https:\/\/apupapu.fi\/verkkokauppa\/wp-content\/uploads\/2020\/11\/Husqvarna-logo.png\" width=\"169\" height=\"31\" \/><\/p>\n<p>&nbsp;<\/p>\n","protected":false},"excerpt":{"rendered":"<p><img loading=\"lazy\" decoding=\"async\" class=\"\" src=\"https:\/\/apupapu.fi\/verkkokauppa\/wp-content\/uploads\/2020\/11\/Husqvarna-logo.png\" width=\"169\" height=\"31\" \/><\/p>\n<p>&nbsp;<\/p>\n","protected":false},"featured_media":1235,"template":"","meta":{"site-sidebar-layout":"default","site-content-layout":"default","ast-site-content-layout":"default","site-content-style":"default","site-sidebar-style":"default","ast-global-header-display":"","ast-banner-title-visibility":"","ast-main-header-display":"","ast-hfb-above-header-display":"","ast-hfb-below-header-display":"","ast-hfb-mobile-header-display":"","site-post-title":"","ast-breadcrumbs-content":"","ast-featured-img":"","footer-sml-layout":"","theme-transparent-header-meta":"default","adv-header-id-meta":"","stick-header-meta":"","header-above-stick-meta":"","header-main-stick-meta":"","header-below-stick-meta":"","astra-migrate-meta-layouts":"default","ast-page-background-enabled":"default","ast-page-background-meta":{"desktop":{"background-color":"var(--ast-global-color-4)","background-image":"","background-repeat":"repeat","background-position":"center center","background-size":"auto","background-attachment":"scroll","background-type":"","background-media":"","overlay-type":"","overlay-color":"","overlay-opacity":"","overlay-gradient":""},"tablet":{"background-color":"","background-image":"","background-repeat":"repeat","background-position":"center center","background-size":"auto","background-attachment":"scroll","background-type":"","background-media":"","overlay-type":"","overlay-color":"","overlay-opacity":"","overlay-gradient":""},"mobile":{"background-color":"","background-image":"","background-repeat":"repeat","background-position":"center center","background-size":"auto","background-attachment":"scroll","background-type":"","background-media":"","overlay-type":"","overlay-color":"","overlay-opacity":"","overlay-gradient":""}},"ast-content-background-meta":{"desktop":{"background-color":"var(--ast-global-color-5)","background-image":"","background-repeat":"repeat","background-position":"center center","background-size":"auto","background-attachment":"scroll","background-type":"","background-media":"","overlay-type":"","overlay-color":"","overlay-opacity":"","overlay-gradient":""},"tablet":{"background-color":"var(--ast-global-color-5)","background-image":"","background-repeat":"repeat","background-position":"center center","background-size":"auto","background-attachment":"scroll","background-type":"","background-media":"","overlay-type":"","overlay-color":"","overlay-opacity":"","overlay-gradient":""},"mobile":{"background-color":"var(--ast-global-color-5)","background-image":"","background-repeat":"repeat","background-position":"center center","background-size":"auto","background-attachment":"scroll","background-type":"","background-media":"","overlay-type":"","overlay-color":"","overlay-opacity":"","overlay-gradient":""}}},"product_brand":[],"product_cat":[325,29,324,323,177,18],"product_tag":[327,22,44,125,326],"class_list":{"0":"post-1233","1":"product","2":"type-product","3":"status-publish","4":"has-post-thumbnail","6":"product_cat-akkusahat","7":"product_cat-husqvarna","8":"product_cat-husqvarna-akkusahat","9":"product_cat-husqvarna-moottorisahat","10":"product_cat-moottorisahat","11":"product_cat-tuotteet","12":"product_tag-120i","13":"product_tag-akkusaha","14":"product_tag-husqvarna","15":"product_tag-moottorisaha","16":"product_tag-moottorissaha-120i","17":"desktop-align-left","18":"tablet-align-left","19":"mobile-align-left","21":"first","22":"outofstock","23":"taxable","24":"shipping-taxable","25":"purchasable","26":"product-type-simple"},"_links":{"self":[{"href":"https:\/\/apupapu.fi\/verkkokauppa\/wp-json\/wp\/v2\/product\/1233","targetHints":{"allow":["GET"]}}],"collection":[{"href":"https:\/\/apupapu.fi\/verkkokauppa\/wp-json\/wp\/v2\/product"}],"about":[{"href":"https:\/\/apupapu.fi\/verkkokauppa\/wp-json\/wp\/v2\/types\/product"}],"wp:featuredmedia":[{"embeddable":true,"href":"https:\/\/apupapu.fi\/verkkokauppa\/wp-json\/wp\/v2\/media\/1235"}],"wp:attachment":[{"href":"https:\/\/apupapu.fi\/verkkokauppa\/wp-json\/wp\/v2\/media?parent=1233"}],"wp:term":[{"taxonomy":"product_brand","embeddable":true,"href":"https:\/\/apupapu.fi\/verkkokauppa\/wp-json\/wp\/v2\/product_brand?post=1233"},{"taxonomy":"product_cat","embeddable":true,"href":"https:\/\/apupapu.fi\/verkkokauppa\/wp-json\/wp\/v2\/product_cat?post=1233"},{"taxonomy":"product_tag","embeddable":true,"href":"https:\/\/apupapu.fi\/verkkokauppa\/wp-json\/wp\/v2\/product_tag?post=1233"}],"curies":[{"name":"wp","href":"https:\/\/api.w.org\/{rel}","templated":true}]}}