{"id":1208,"date":"2021-01-19T15:07:31","date_gmt":"2021-01-19T13:07:31","guid":{"rendered":"https:\/\/apupapu.fi\/verkkokauppa\/?post_type=product&#038;p=1208"},"modified":"2023-06-07T23:56:06","modified_gmt":"2023-06-07T21:56:06","slug":"stihl-sg-11-plus-kasiruisku","status":"publish","type":"product","link":"https:\/\/apupapu.fi\/verkkokauppa\/tuote\/stihl-sg-11-plus-kasiruisku\/","title":{"rendered":"STIHL SG 11 PLUS -K\u00e4siruisku"},"content":{"rendered":"<div class=\"tabs\">\n<div class=\"wrapper_content\">\n<div class=\"tabbody tabbody_large container_tab_1\">\n<div class=\"product-slider-wrapper\">\n<div class=\"product-carousel slick-initialized slick-slider slick-dotted\">\n<div class=\"slick-list draggable\">\n<div class=\"slick-track\">\n<div id=\"slick-slide00\" class=\"product-carousel-item slick-slide slick-current slick-active\" tabindex=\"0\" role=\"tabpanel\" data-slick-index=\"0\" aria-hidden=\"false\" aria-describedby=\"slick-slide-control00\">S\u00e4\u00e4dett\u00e4v\u00e4ll\u00e4 suuttimella varustettu k\u00e4siruisku puhdistusaineiden ja liuotteiden, tai Variocleanin levitykseen.<\/div>\n<div class=\"product-carousel-item slick-slide slick-current slick-active\" tabindex=\"0\" role=\"tabpanel\" data-slick-index=\"0\" aria-hidden=\"false\" aria-describedby=\"slick-slide-control00\">1,5 l:n t\u00e4ytt\u00f6tilavuus<\/div>\n<div class=\"product-carousel-item slick-slide slick-current slick-active\" tabindex=\"0\" role=\"tabpanel\" data-slick-index=\"0\" aria-hidden=\"false\" aria-describedby=\"slick-slide-control00\">3 baarin maksimipaine<\/div>\n<div tabindex=\"0\" role=\"tabpanel\" data-slick-index=\"0\" aria-hidden=\"false\" aria-describedby=\"slick-slide-control00\"><\/div>\n<div class=\"product-carousel-item slick-slide slick-current slick-active\" tabindex=\"0\" role=\"tabpanel\" data-slick-index=\"0\" aria-hidden=\"false\" aria-describedby=\"slick-slide-control00\">EPDM-tiivisteet puhdistusaineille ja liuotteille, joiden pH on 7-14.<\/div>\n<div class=\"product-carousel-item slick-slide slick-current slick-active\" tabindex=\"0\" role=\"tabpanel\" data-slick-index=\"0\" aria-hidden=\"false\" aria-describedby=\"slick-slide-control00\">Pitk\u00e4n k\u00e4ytt\u00f6i\u00e4n takaamiseksi pumppu on varustettu erityisell\u00e4 suojaelementill\u00e4.<\/div>\n<div class=\"product-carousel-item slick-slide slick-current slick-active\" tabindex=\"0\" role=\"tabpanel\" data-slick-index=\"0\" aria-hidden=\"false\" aria-describedby=\"slick-slide-control00\">\n<p>&nbsp;<\/p>\n<\/div>\n<div tabindex=\"0\" role=\"tabpanel\" data-slick-index=\"0\" aria-hidden=\"false\" aria-describedby=\"slick-slide-control00\">\n<p><img loading=\"lazy\" decoding=\"async\" class=\"alignnone wp-image-469\" src=\"https:\/\/apupapu.fi\/verkkokauppa\/wp-content\/uploads\/2020\/11\/STIHL_LOGO.jpg\" alt=\"\" width=\"96\" height=\"42\" srcset=\"https:\/\/apupapu.fi\/verkkokauppa\/wp-content\/uploads\/2020\/11\/STIHL_LOGO.jpg 709w, https:\/\/apupapu.fi\/verkkokauppa\/wp-content\/uploads\/2020\/11\/STIHL_LOGO-300x131.jpg 300w, https:\/\/apupapu.fi\/verkkokauppa\/wp-content\/uploads\/2020\/11\/STIHL_LOGO-600x262.jpg 600w\" sizes=\"auto, (max-width: 96px) 100vw, 96px\" \/><\/p>\n<\/div>\n<\/div>\n<\/div>\n<\/div>\n<\/div>\n<\/div>\n<\/div>\n<\/div>\n","protected":false},"excerpt":{"rendered":"<p><img loading=\"lazy\" decoding=\"async\" class=\"alignnone wp-image-469\" src=\"https:\/\/apupapu.fi\/verkkokauppa\/wp-content\/uploads\/2020\/11\/STIHL_LOGO.jpg\" alt=\"\" width=\"96\" height=\"42\" srcset=\"https:\/\/apupapu.fi\/verkkokauppa\/wp-content\/uploads\/2020\/11\/STIHL_LOGO.jpg 709w, https:\/\/apupapu.fi\/verkkokauppa\/wp-content\/uploads\/2020\/11\/STIHL_LOGO-300x131.jpg 300w, https:\/\/apupapu.fi\/verkkokauppa\/wp-content\/uploads\/2020\/11\/STIHL_LOGO-600x262.jpg 600w\" sizes=\"auto, (max-width: 96px) 100vw, 96px\" \/><\/p>\n<p>&nbsp;<\/p>\n","protected":false},"featured_media":1209,"template":"","meta":{"site-sidebar-layout":"default","site-content-layout":"default","ast-site-content-layout":"default","site-content-style":"default","site-sidebar-style":"default","ast-global-header-display":"","ast-banner-title-visibility":"","ast-main-header-display":"","ast-hfb-above-header-display":"","ast-hfb-below-header-display":"","ast-hfb-mobile-header-display":"","site-post-title":"","ast-breadcrumbs-content":"","ast-featured-img":"","footer-sml-layout":"","theme-transparent-header-meta":"default","adv-header-id-meta":"","stick-header-meta":"","header-above-stick-meta":"","header-main-stick-meta":"","header-below-stick-meta":"","astra-migrate-meta-layouts":"default","ast-page-background-enabled":"default","ast-page-background-meta":{"desktop":{"background-color":"var(--ast-global-color-4)","background-image":"","background-repeat":"repeat","background-position":"center center","background-size":"auto","background-attachment":"scroll","background-type":"","background-media":"","overlay-type":"","overlay-color":"","overlay-opacity":"","overlay-gradient":""},"tablet":{"background-color":"","background-image":"","background-repeat":"repeat","background-position":"center center","background-size":"auto","background-attachment":"scroll","background-type":"","background-media":"","overlay-type":"","overlay-color":"","overlay-opacity":"","overlay-gradient":""},"mobile":{"background-color":"","background-image":"","background-repeat":"repeat","background-position":"center center","background-size":"auto","background-attachment":"scroll","background-type":"","background-media":"","overlay-type":"","overlay-color":"","overlay-opacity":"","overlay-gradient":""}},"ast-content-background-meta":{"desktop":{"background-color":"var(--ast-global-color-5)","background-image":"","background-repeat":"repeat","background-position":"center center","background-size":"auto","background-attachment":"scroll","background-type":"","background-media":"","overlay-type":"","overlay-color":"","overlay-opacity":"","overlay-gradient":""},"tablet":{"background-color":"var(--ast-global-color-5)","background-image":"","background-repeat":"repeat","background-position":"center center","background-size":"auto","background-attachment":"scroll","background-type":"","background-media":"","overlay-type":"","overlay-color":"","overlay-opacity":"","overlay-gradient":""},"mobile":{"background-color":"var(--ast-global-color-5)","background-image":"","background-repeat":"repeat","background-position":"center center","background-size":"auto","background-attachment":"scroll","background-type":"","background-media":"","overlay-type":"","overlay-color":"","overlay-opacity":"","overlay-gradient":""}}},"product_brand":[],"product_cat":[20,72,67,18],"product_tag":[312,314,311,24,313],"class_list":{"0":"post-1208","1":"product","2":"type-product","3":"status-publish","4":"has-post-thumbnail","6":"product_cat-stihl","7":"product_cat-stihl-tarvikkeet","8":"product_cat-tarvikkeet","9":"product_cat-tuotteet","10":"product_tag-kasiruisku","11":"product_tag-ruisku","12":"product_tag-sg-11-plus","13":"product_tag-stihl","14":"product_tag-suutin","15":"product_shipping_class-posti","16":"desktop-align-left","17":"tablet-align-left","18":"mobile-align-left","20":"first","21":"instock","22":"taxable","23":"shipping-taxable","24":"purchasable","25":"product-type-simple"},"_links":{"self":[{"href":"https:\/\/apupapu.fi\/verkkokauppa\/wp-json\/wp\/v2\/product\/1208","targetHints":{"allow":["GET"]}}],"collection":[{"href":"https:\/\/apupapu.fi\/verkkokauppa\/wp-json\/wp\/v2\/product"}],"about":[{"href":"https:\/\/apupapu.fi\/verkkokauppa\/wp-json\/wp\/v2\/types\/product"}],"wp:featuredmedia":[{"embeddable":true,"href":"https:\/\/apupapu.fi\/verkkokauppa\/wp-json\/wp\/v2\/media\/1209"}],"wp:attachment":[{"href":"https:\/\/apupapu.fi\/verkkokauppa\/wp-json\/wp\/v2\/media?parent=1208"}],"wp:term":[{"taxonomy":"product_brand","embeddable":true,"href":"https:\/\/apupapu.fi\/verkkokauppa\/wp-json\/wp\/v2\/product_brand?post=1208"},{"taxonomy":"product_cat","embeddable":true,"href":"https:\/\/apupapu.fi\/verkkokauppa\/wp-json\/wp\/v2\/product_cat?post=1208"},{"taxonomy":"product_tag","embeddable":true,"href":"https:\/\/apupapu.fi\/verkkokauppa\/wp-json\/wp\/v2\/product_tag?post=1208"}],"curies":[{"name":"wp","href":"https:\/\/api.w.org\/{rel}","templated":true}]}}