{"id":1199,"date":"2021-01-19T13:51:25","date_gmt":"2021-01-19T11:51:25","guid":{"rendered":"https:\/\/apupapu.fi\/verkkokauppa\/?post_type=product&#038;p=1199"},"modified":"2023-06-08T00:01:52","modified_gmt":"2023-06-07T22:01:52","slug":"stihl-polycut-3-2_leikkuutyokalu","status":"publish","type":"product","link":"https:\/\/apupapu.fi\/verkkokauppa\/tuote\/stihl-polycut-3-2_leikkuutyokalu\/","title":{"rendered":"Stihl PolyCut 3-2 Leikkuuty\u00f6kalu ruohotrimmerille"},"content":{"rendered":"<div class=\"tabs\">\n<div class=\"wrapper_content\">\n<div class=\"tabbody tabbody_large container_tab_1\">\n<div class=\"product-slider-wrapper\">\n<div class=\"product-carousel slick-initialized slick-slider slick-dotted\">\n<div class=\"slick-list draggable\">\n<div class=\"slick-track\">\n<div class=\"product-carousel-item slick-slide slick-current slick-active\" tabindex=\"0\" role=\"tabpanel\" data-slick-index=\"0\" aria-hidden=\"false\" aria-describedby=\"slick-slide-control00\">\n<p>Leikkuuty\u00f6kalu STIHL FSA 57 ja STIHL FSE 52\u00a0 -ruohotrimmereille.<br \/>\nYleisk\u00e4ytt\u00f6inen leikkuuty\u00f6kalu siistimis- ja tasaust\u00f6ihin.<br \/>\nKahdella liikkuvalla muoviter\u00e4ll\u00e4.<br \/>\nTerien vaihto tapahtuu yksinkertaisesti ilman ty\u00f6kaluja.<\/p>\n<p>Leikkuulaitetta voi my\u00f6s k\u00e4ytt\u00e4\u00e4 1,6 mm siiman kanssa.<\/p>\n<\/div>\n<div tabindex=\"0\" role=\"tabpanel\" data-slick-index=\"0\" aria-hidden=\"false\" aria-describedby=\"slick-slide-control00\"><\/div>\n<div tabindex=\"0\" role=\"tabpanel\" data-slick-index=\"0\" aria-hidden=\"false\" aria-describedby=\"slick-slide-control00\"><img loading=\"lazy\" decoding=\"async\" class=\"alignnone wp-image-469\" src=\"https:\/\/apupapu.fi\/verkkokauppa\/wp-content\/uploads\/2020\/11\/STIHL_LOGO.jpg\" alt=\"\" width=\"96\" height=\"42\" srcset=\"https:\/\/apupapu.fi\/verkkokauppa\/wp-content\/uploads\/2020\/11\/STIHL_LOGO.jpg 709w, https:\/\/apupapu.fi\/verkkokauppa\/wp-content\/uploads\/2020\/11\/STIHL_LOGO-300x131.jpg 300w, https:\/\/apupapu.fi\/verkkokauppa\/wp-content\/uploads\/2020\/11\/STIHL_LOGO-600x262.jpg 600w\" sizes=\"auto, (max-width: 96px) 100vw, 96px\" \/><\/div>\n<\/div>\n<\/div>\n<\/div>\n<\/div>\n<\/div>\n<\/div>\n<\/div>\n","protected":false},"excerpt":{"rendered":"<p><img loading=\"lazy\" decoding=\"async\" class=\"alignnone wp-image-469\" src=\"https:\/\/apupapu.fi\/verkkokauppa\/wp-content\/uploads\/2020\/11\/STIHL_LOGO.jpg\" alt=\"\" width=\"96\" height=\"42\" srcset=\"https:\/\/apupapu.fi\/verkkokauppa\/wp-content\/uploads\/2020\/11\/STIHL_LOGO.jpg 709w, https:\/\/apupapu.fi\/verkkokauppa\/wp-content\/uploads\/2020\/11\/STIHL_LOGO-300x131.jpg 300w, https:\/\/apupapu.fi\/verkkokauppa\/wp-content\/uploads\/2020\/11\/STIHL_LOGO-600x262.jpg 600w\" sizes=\"auto, (max-width: 96px) 100vw, 96px\" \/><\/p>\n","protected":false},"featured_media":1214,"template":"","meta":{"site-sidebar-layout":"default","site-content-layout":"default","ast-site-content-layout":"default","site-content-style":"default","site-sidebar-style":"default","ast-global-header-display":"","ast-banner-title-visibility":"","ast-main-header-display":"","ast-hfb-above-header-display":"","ast-hfb-below-header-display":"","ast-hfb-mobile-header-display":"","site-post-title":"","ast-breadcrumbs-content":"","ast-featured-img":"","footer-sml-layout":"","theme-transparent-header-meta":"default","adv-header-id-meta":"","stick-header-meta":"","header-above-stick-meta":"","header-main-stick-meta":"","header-below-stick-meta":"","astra-migrate-meta-layouts":"default","ast-page-background-enabled":"default","ast-page-background-meta":{"desktop":{"background-color":"var(--ast-global-color-4)","background-image":"","background-repeat":"repeat","background-position":"center center","background-size":"auto","background-attachment":"scroll","background-type":"","background-media":"","overlay-type":"","overlay-color":"","overlay-opacity":"","overlay-gradient":""},"tablet":{"background-color":"","background-image":"","background-repeat":"repeat","background-position":"center center","background-size":"auto","background-attachment":"scroll","background-type":"","background-media":"","overlay-type":"","overlay-color":"","overlay-opacity":"","overlay-gradient":""},"mobile":{"background-color":"","background-image":"","background-repeat":"repeat","background-position":"center center","background-size":"auto","background-attachment":"scroll","background-type":"","background-media":"","overlay-type":"","overlay-color":"","overlay-opacity":"","overlay-gradient":""}},"ast-content-background-meta":{"desktop":{"background-color":"var(--ast-global-color-5)","background-image":"","background-repeat":"repeat","background-position":"center center","background-size":"auto","background-attachment":"scroll","background-type":"","background-media":"","overlay-type":"","overlay-color":"","overlay-opacity":"","overlay-gradient":""},"tablet":{"background-color":"var(--ast-global-color-5)","background-image":"","background-repeat":"repeat","background-position":"center center","background-size":"auto","background-attachment":"scroll","background-type":"","background-media":"","overlay-type":"","overlay-color":"","overlay-opacity":"","overlay-gradient":""},"mobile":{"background-color":"var(--ast-global-color-5)","background-image":"","background-repeat":"repeat","background-position":"center center","background-size":"auto","background-attachment":"scroll","background-type":"","background-media":"","overlay-type":"","overlay-color":"","overlay-opacity":"","overlay-gradient":""}}},"product_brand":[],"product_cat":[20,300,72,67,18],"product_tag":[305,303,307,301,306,308,24,309,304],"class_list":{"0":"post-1199","1":"product","2":"type-product","3":"status-publish","4":"has-post-thumbnail","6":"product_cat-stihl","7":"product_cat-stihl-ruohotrimmerit-ja-raivaussahat","8":"product_cat-stihl-tarvikkeet","9":"product_cat-tarvikkeet","10":"product_cat-tuotteet","11":"product_tag-leikkuupaa","12":"product_tag-leikkuuterat","13":"product_tag-leikkuutyokalu","14":"product_tag-polycut","15":"product_tag-polycut-3-2","16":"product_tag-ruohotrimmeri","17":"product_tag-stihl","18":"product_tag-trimmeri","19":"product_tag-varaterat","20":"product_shipping_class-posti","21":"desktop-align-left","22":"tablet-align-left","23":"mobile-align-left","25":"first","26":"instock","27":"taxable","28":"shipping-taxable","29":"purchasable","30":"product-type-simple"},"_links":{"self":[{"href":"https:\/\/apupapu.fi\/verkkokauppa\/wp-json\/wp\/v2\/product\/1199","targetHints":{"allow":["GET"]}}],"collection":[{"href":"https:\/\/apupapu.fi\/verkkokauppa\/wp-json\/wp\/v2\/product"}],"about":[{"href":"https:\/\/apupapu.fi\/verkkokauppa\/wp-json\/wp\/v2\/types\/product"}],"wp:featuredmedia":[{"embeddable":true,"href":"https:\/\/apupapu.fi\/verkkokauppa\/wp-json\/wp\/v2\/media\/1214"}],"wp:attachment":[{"href":"https:\/\/apupapu.fi\/verkkokauppa\/wp-json\/wp\/v2\/media?parent=1199"}],"wp:term":[{"taxonomy":"product_brand","embeddable":true,"href":"https:\/\/apupapu.fi\/verkkokauppa\/wp-json\/wp\/v2\/product_brand?post=1199"},{"taxonomy":"product_cat","embeddable":true,"href":"https:\/\/apupapu.fi\/verkkokauppa\/wp-json\/wp\/v2\/product_cat?post=1199"},{"taxonomy":"product_tag","embeddable":true,"href":"https:\/\/apupapu.fi\/verkkokauppa\/wp-json\/wp\/v2\/product_tag?post=1199"}],"curies":[{"name":"wp","href":"https:\/\/api.w.org\/{rel}","templated":true}]}}