{"id":1137,"date":"2021-01-07T14:49:54","date_gmt":"2021-01-07T12:49:54","guid":{"rendered":"https:\/\/apupapu.fi\/verkkokauppa\/?post_type=product&#038;p=1137"},"modified":"2023-06-07T23:04:21","modified_gmt":"2023-06-07T21:04:21","slug":"husqvarna-ruokatermos-06-l","status":"publish","type":"product","link":"https:\/\/apupapu.fi\/verkkokauppa\/tuote\/husqvarna-ruokatermos-06-l\/","title":{"rendered":"HUSQVARNA Ruokatermos 0,6 L"},"content":{"rendered":"<h1 class=\"margin-top-none text-secondary h1\">Xplorer-ruokatermos 0,6 L<\/h1>\n<p>K\u00e4tev\u00e4 ruokatermos pit\u00e4\u00e4 lounaan l\u00e4mp\u00f6isen\u00e4 ja tarjoiluvalmiina. S\u00e4rkym\u00e4t\u00f6nt\u00e4 ruostumatonta ter\u00e4st\u00e4, kaksikerroksinen ilmatiivis kuparivakuumieristys pit\u00e4\u00e4 sis\u00e4ll\u00f6n l\u00e4mpim\u00e4n\u00e4 6 tuntia ja kylm\u00e4n\u00e4 jopa 24 tuntia. Korkissa taitettava lusikka. Tiivis korkki varmistaa, ett\u00e4 sis\u00e4lt\u00f6 ei vuoda, leve\u00e4 suuaukko tekee sy\u00f6misest\u00e4, t\u00e4ytt\u00e4misest\u00e4 ja puhdistamisesta helppoa. Silikonitiiviste auttaa s\u00e4ilytt\u00e4m\u00e4\u00e4n ruoan pidemp\u00e4\u00e4n tuoreena ja galvanoitu viimeistely ei p\u00e4\u00e4st\u00e4 tai ime makuja.<\/p>\n<p><img loading=\"lazy\" decoding=\"async\" class=\"\" src=\"https:\/\/apupapu.fi\/verkkokauppa\/wp-content\/uploads\/2020\/11\/Husqvarna-logo.png\" width=\"175\" height=\"32\" \/><\/p>\n","protected":false},"excerpt":{"rendered":"<p><img loading=\"lazy\" decoding=\"async\" class=\"\" src=\"https:\/\/apupapu.fi\/verkkokauppa\/wp-content\/uploads\/2020\/11\/Husqvarna-logo.png\" width=\"175\" height=\"32\" \/><\/p>\n","protected":false},"featured_media":1139,"template":"","meta":{"site-sidebar-layout":"default","site-content-layout":"default","ast-site-content-layout":"default","site-content-style":"default","site-sidebar-style":"default","ast-global-header-display":"","ast-banner-title-visibility":"","ast-main-header-display":"","ast-hfb-above-header-display":"","ast-hfb-below-header-display":"","ast-hfb-mobile-header-display":"","site-post-title":"","ast-breadcrumbs-content":"","ast-featured-img":"","footer-sml-layout":"","theme-transparent-header-meta":"default","adv-header-id-meta":"","stick-header-meta":"","header-above-stick-meta":"","header-main-stick-meta":"","header-below-stick-meta":"","astra-migrate-meta-layouts":"default","ast-page-background-enabled":"default","ast-page-background-meta":{"desktop":{"background-color":"var(--ast-global-color-4)","background-image":"","background-repeat":"repeat","background-position":"center center","background-size":"auto","background-attachment":"scroll","background-type":"","background-media":"","overlay-type":"","overlay-color":"","overlay-opacity":"","overlay-gradient":""},"tablet":{"background-color":"","background-image":"","background-repeat":"repeat","background-position":"center center","background-size":"auto","background-attachment":"scroll","background-type":"","background-media":"","overlay-type":"","overlay-color":"","overlay-opacity":"","overlay-gradient":""},"mobile":{"background-color":"","background-image":"","background-repeat":"repeat","background-position":"center center","background-size":"auto","background-attachment":"scroll","background-type":"","background-media":"","overlay-type":"","overlay-color":"","overlay-opacity":"","overlay-gradient":""}},"ast-content-background-meta":{"desktop":{"background-color":"var(--ast-global-color-5)","background-image":"","background-repeat":"repeat","background-position":"center center","background-size":"auto","background-attachment":"scroll","background-type":"","background-media":"","overlay-type":"","overlay-color":"","overlay-opacity":"","overlay-gradient":""},"tablet":{"background-color":"var(--ast-global-color-5)","background-image":"","background-repeat":"repeat","background-position":"center center","background-size":"auto","background-attachment":"scroll","background-type":"","background-media":"","overlay-type":"","overlay-color":"","overlay-opacity":"","overlay-gradient":""},"mobile":{"background-color":"var(--ast-global-color-5)","background-image":"","background-repeat":"repeat","background-position":"center center","background-size":"auto","background-attachment":"scroll","background-type":"","background-media":"","overlay-type":"","overlay-color":"","overlay-opacity":"","overlay-gradient":""}}},"product_brand":[],"product_cat":[29,66,492,67,18],"product_tag":[44,271,270,272,273],"class_list":{"0":"post-1137","1":"product","2":"type-product","3":"status-publish","4":"has-post-thumbnail","6":"product_cat-husqvarna","7":"product_cat-husqvarna-tarvikkeet","8":"product_cat-juomapullot-ja-termarit","9":"product_cat-tarvikkeet","10":"product_cat-tuotteet","11":"product_tag-husqvarna","12":"product_tag-ruokatermari","13":"product_tag-ruokatermos","14":"product_tag-termari","15":"product_tag-termos","16":"product_shipping_class-posti","17":"desktop-align-left","18":"tablet-align-left","19":"mobile-align-left","21":"first","22":"instock","23":"taxable","24":"shipping-taxable","25":"purchasable","26":"product-type-simple"},"_links":{"self":[{"href":"https:\/\/apupapu.fi\/verkkokauppa\/wp-json\/wp\/v2\/product\/1137","targetHints":{"allow":["GET"]}}],"collection":[{"href":"https:\/\/apupapu.fi\/verkkokauppa\/wp-json\/wp\/v2\/product"}],"about":[{"href":"https:\/\/apupapu.fi\/verkkokauppa\/wp-json\/wp\/v2\/types\/product"}],"wp:featuredmedia":[{"embeddable":true,"href":"https:\/\/apupapu.fi\/verkkokauppa\/wp-json\/wp\/v2\/media\/1139"}],"wp:attachment":[{"href":"https:\/\/apupapu.fi\/verkkokauppa\/wp-json\/wp\/v2\/media?parent=1137"}],"wp:term":[{"taxonomy":"product_brand","embeddable":true,"href":"https:\/\/apupapu.fi\/verkkokauppa\/wp-json\/wp\/v2\/product_brand?post=1137"},{"taxonomy":"product_cat","embeddable":true,"href":"https:\/\/apupapu.fi\/verkkokauppa\/wp-json\/wp\/v2\/product_cat?post=1137"},{"taxonomy":"product_tag","embeddable":true,"href":"https:\/\/apupapu.fi\/verkkokauppa\/wp-json\/wp\/v2\/product_tag?post=1137"}],"curies":[{"name":"wp","href":"https:\/\/api.w.org\/{rel}","templated":true}]}}