{"id":1109,"date":"2020-12-14T11:56:12","date_gmt":"2020-12-14T09:56:12","guid":{"rendered":"https:\/\/apupapu.fi\/verkkokauppa\/?post_type=product&#038;p=1109"},"modified":"2021-10-07T11:01:40","modified_gmt":"2021-10-07T09:01:40","slug":"stiga-sbp-375-reppupuhallin","status":"publish","type":"product","link":"https:\/\/apupapu.fi\/verkkokauppa\/tuote\/stiga-sbp-375-reppupuhallin\/","title":{"rendered":"Stiga SBP 375 Reppupuhallin"},"content":{"rendered":"<p>STIGA SBP 375 on tehokas ja helposti hallittava reppupuhallin, joka suoriutuu vaativimmistakin teht\u00e4vist\u00e4. Puhaltimen k\u00e4ytt\u00f6mukavuuden ja hallittavuuden takaa s\u00e4\u00e4dett\u00e4v\u00e4 joystick-k\u00e4densija, jossa sijaitsee my\u00f6s kaasun s\u00e4\u00e4din. Puhallusputki on muodostettu nivelletyist\u00e4 kumiosista, jotka mahdollistavat helpon ilman suuntaamisen. Repun pehmustetut kaksoisvaljaat mahdollistavat laitteen kantamisen sel\u00e4ss\u00e4 tasapainossa, tehden ty\u00f6skentelyst\u00e4 v\u00e4hemm\u00e4n v\u00e4sytt\u00e4v\u00e4\u00e4.<\/p>\n<p>2,1\u00a0litran polttoaines\u00e4ili\u00f6 sijaitsee puhaltimen alaosassa.<\/p>\n<p><em>Polttomoottorilaitteet myymme t\u00e4ll\u00e4hetkell\u00e4 vain myym\u00e4l\u00e4 noutona!<\/em><\/p>\n<p>&nbsp;<\/p>\n","protected":false},"excerpt":{"rendered":"<p>STIGA SBP 375 on tehokas ja helposti hallittava reppupuhallin, joka suoriutuu vaativimmistakin teht\u00e4vist\u00e4. Puhaltimen k\u00e4ytt\u00f6mukavuuden ja hallittavuuden takaa s\u00e4\u00e4dett\u00e4v\u00e4 joystick-k\u00e4densija, jossa sijaitsee my\u00f6s kaasun s\u00e4\u00e4din. Puhallusputki on muodostettu nivelletyist\u00e4 kumiosista, jotka mahdollistavat helpon ilman suuntaamisen. Repun pehmustetut kaksoisvaljaat mahdollistavat laitteen kantamisen sel\u00e4ss\u00e4 tasapainossa, tehden ty\u00f6skentelyst\u00e4 v\u00e4hemm\u00e4n v\u00e4sytt\u00e4v\u00e4\u00e4. 2,1\u00a0litran polttoaines\u00e4ili\u00f6 sijaitsee puhaltimen alaosassa. Polttomoottorilaitteet myymme t\u00e4ll\u00e4hetkell\u00e4 [&hellip;]<\/p>\n","protected":false},"featured_media":1110,"template":"","meta":{"site-sidebar-layout":"default","site-content-layout":"default","ast-site-content-layout":"default","site-content-style":"default","site-sidebar-style":"default","ast-global-header-display":"","ast-banner-title-visibility":"","ast-main-header-display":"","ast-hfb-above-header-display":"","ast-hfb-below-header-display":"","ast-hfb-mobile-header-display":"","site-post-title":"","ast-breadcrumbs-content":"","ast-featured-img":"","footer-sml-layout":"","theme-transparent-header-meta":"default","adv-header-id-meta":"","stick-header-meta":"","header-above-stick-meta":"","header-main-stick-meta":"","header-below-stick-meta":"","astra-migrate-meta-layouts":"default","ast-page-background-enabled":"default","ast-page-background-meta":{"desktop":{"background-color":"var(--ast-global-color-4)","background-image":"","background-repeat":"repeat","background-position":"center center","background-size":"auto","background-attachment":"scroll","background-type":"","background-media":"","overlay-type":"","overlay-color":"","overlay-opacity":"","overlay-gradient":""},"tablet":{"background-color":"","background-image":"","background-repeat":"repeat","background-position":"center center","background-size":"auto","background-attachment":"scroll","background-type":"","background-media":"","overlay-type":"","overlay-color":"","overlay-opacity":"","overlay-gradient":""},"mobile":{"background-color":"","background-image":"","background-repeat":"repeat","background-position":"center center","background-size":"auto","background-attachment":"scroll","background-type":"","background-media":"","overlay-type":"","overlay-color":"","overlay-opacity":"","overlay-gradient":""}},"ast-content-background-meta":{"desktop":{"background-color":"var(--ast-global-color-5)","background-image":"","background-repeat":"repeat","background-position":"center center","background-size":"auto","background-attachment":"scroll","background-type":"","background-media":"","overlay-type":"","overlay-color":"","overlay-opacity":"","overlay-gradient":""},"tablet":{"background-color":"var(--ast-global-color-5)","background-image":"","background-repeat":"repeat","background-position":"center center","background-size":"auto","background-attachment":"scroll","background-type":"","background-media":"","overlay-type":"","overlay-color":"","overlay-opacity":"","overlay-gradient":""},"mobile":{"background-color":"var(--ast-global-color-5)","background-image":"","background-repeat":"repeat","background-position":"center center","background-size":"auto","background-attachment":"scroll","background-type":"","background-media":"","overlay-type":"","overlay-color":"","overlay-opacity":"","overlay-gradient":""}}},"product_brand":[],"product_cat":[266,32,267,18],"product_tag":[264,269,268],"class_list":{"0":"post-1109","1":"product","2":"type-product","3":"status-publish","4":"has-post-thumbnail","6":"product_cat-lehtipuhaltimet","7":"product_cat-stiga","8":"product_cat-stiga-lehtipuhaltimet","9":"product_cat-tuotteet","10":"product_tag-lehtipuhallin","11":"product_tag-reppupuhallin","12":"product_tag-stiga","13":"desktop-align-left","14":"tablet-align-left","15":"mobile-align-left","17":"first","18":"outofstock","19":"taxable","20":"shipping-taxable","21":"purchasable","22":"product-type-simple"},"_links":{"self":[{"href":"https:\/\/apupapu.fi\/verkkokauppa\/wp-json\/wp\/v2\/product\/1109","targetHints":{"allow":["GET"]}}],"collection":[{"href":"https:\/\/apupapu.fi\/verkkokauppa\/wp-json\/wp\/v2\/product"}],"about":[{"href":"https:\/\/apupapu.fi\/verkkokauppa\/wp-json\/wp\/v2\/types\/product"}],"wp:featuredmedia":[{"embeddable":true,"href":"https:\/\/apupapu.fi\/verkkokauppa\/wp-json\/wp\/v2\/media\/1110"}],"wp:attachment":[{"href":"https:\/\/apupapu.fi\/verkkokauppa\/wp-json\/wp\/v2\/media?parent=1109"}],"wp:term":[{"taxonomy":"product_brand","embeddable":true,"href":"https:\/\/apupapu.fi\/verkkokauppa\/wp-json\/wp\/v2\/product_brand?post=1109"},{"taxonomy":"product_cat","embeddable":true,"href":"https:\/\/apupapu.fi\/verkkokauppa\/wp-json\/wp\/v2\/product_cat?post=1109"},{"taxonomy":"product_tag","embeddable":true,"href":"https:\/\/apupapu.fi\/verkkokauppa\/wp-json\/wp\/v2\/product_tag?post=1109"}],"curies":[{"name":"wp","href":"https:\/\/api.w.org\/{rel}","templated":true}]}}