{"id":1084,"date":"2020-12-10T15:36:34","date_gmt":"2020-12-10T13:36:34","guid":{"rendered":"https:\/\/apupapu.fi\/verkkokauppa\/?post_type=product&#038;p=1084"},"modified":"2021-03-16T12:00:18","modified_gmt":"2021-03-16T10:00:18","slug":"lahjakortti","status":"publish","type":"product","link":"https:\/\/apupapu.fi\/verkkokauppa\/tuote\/lahjakortti\/","title":{"rendered":"LAHJAKORTTI"},"content":{"rendered":"<p>Lahjakortin voit k\u00e4ytt\u00e4\u00e4 Apupapun myym\u00e4l\u00e4ostoihin tai palveluihin.<br \/>\nPalveluihimme voit tutustua osoitteessa: <a href=\"https:\/\/apupapu.fi\/palvelut\">https:\/\/apupapu.fi\/palvelut<\/a><\/p>\n<p>Lahjakortti voimassa 6 kuukautta ostohetkest\u00e4.<br \/>\nLahjakortti ei k\u00e4y <em>verkkokauppa ostoksiin.<\/em><\/p>\n<p><strong>Lahjakortin voit tilata my\u00f6s s\u00e4hk\u00f6posti-toimituksella. Valitse kassalla myym\u00e4l\u00e4nouto 0\u20ac ja kirjoita lis\u00e4tietoa kentt\u00e4\u00e4n s\u00e4hk\u00f6postitoimitus.<\/strong><\/p>\n","protected":false},"excerpt":{"rendered":"<p>Lahjakortin voit k\u00e4ytt\u00e4\u00e4 Apupapun myym\u00e4l\u00e4ostoihin tai palveluihin. Palveluihimme voit tutustua osoitteessa: https:\/\/apupapu.fi\/palvelut Lahjakortti voimassa 6 kuukautta ostohetkest\u00e4. Lahjakortti ei k\u00e4y verkkokauppa ostoksiin. Lahjakortin voit tilata my\u00f6s s\u00e4hk\u00f6posti-toimituksella. Valitse kassalla myym\u00e4l\u00e4nouto 0\u20ac ja kirjoita lis\u00e4tietoa kentt\u00e4\u00e4n s\u00e4hk\u00f6postitoimitus.<\/p>\n","protected":false},"featured_media":1529,"template":"","meta":{"site-sidebar-layout":"default","site-content-layout":"default","ast-site-content-layout":"default","site-content-style":"default","site-sidebar-style":"default","ast-global-header-display":"","ast-banner-title-visibility":"","ast-main-header-display":"","ast-hfb-above-header-display":"","ast-hfb-below-header-display":"","ast-hfb-mobile-header-display":"","site-post-title":"","ast-breadcrumbs-content":"","ast-featured-img":"","footer-sml-layout":"","theme-transparent-header-meta":"default","adv-header-id-meta":"","stick-header-meta":"","header-above-stick-meta":"","header-main-stick-meta":"","header-below-stick-meta":"","astra-migrate-meta-layouts":"default","ast-page-background-enabled":"default","ast-page-background-meta":{"desktop":{"background-color":"var(--ast-global-color-4)","background-image":"","background-repeat":"repeat","background-position":"center center","background-size":"auto","background-attachment":"scroll","background-type":"","background-media":"","overlay-type":"","overlay-color":"","overlay-opacity":"","overlay-gradient":""},"tablet":{"background-color":"","background-image":"","background-repeat":"repeat","background-position":"center center","background-size":"auto","background-attachment":"scroll","background-type":"","background-media":"","overlay-type":"","overlay-color":"","overlay-opacity":"","overlay-gradient":""},"mobile":{"background-color":"","background-image":"","background-repeat":"repeat","background-position":"center center","background-size":"auto","background-attachment":"scroll","background-type":"","background-media":"","overlay-type":"","overlay-color":"","overlay-opacity":"","overlay-gradient":""}},"ast-content-background-meta":{"desktop":{"background-color":"var(--ast-global-color-5)","background-image":"","background-repeat":"repeat","background-position":"center center","background-size":"auto","background-attachment":"scroll","background-type":"","background-media":"","overlay-type":"","overlay-color":"","overlay-opacity":"","overlay-gradient":""},"tablet":{"background-color":"var(--ast-global-color-5)","background-image":"","background-repeat":"repeat","background-position":"center center","background-size":"auto","background-attachment":"scroll","background-type":"","background-media":"","overlay-type":"","overlay-color":"","overlay-opacity":"","overlay-gradient":""},"mobile":{"background-color":"var(--ast-global-color-5)","background-image":"","background-repeat":"repeat","background-position":"center center","background-size":"auto","background-attachment":"scroll","background-type":"","background-media":"","overlay-type":"","overlay-color":"","overlay-opacity":"","overlay-gradient":""}}},"product_brand":[],"product_cat":[261,18],"product_tag":[262],"class_list":{"0":"post-1084","1":"product","2":"type-product","3":"status-publish","4":"has-post-thumbnail","6":"product_cat-apupapun-lahjakortti","7":"product_cat-tuotteet","8":"product_tag-lahjakortti","9":"desktop-align-left","10":"tablet-align-left","11":"mobile-align-left","13":"first","14":"instock","15":"taxable","16":"shipping-taxable","17":"purchasable","18":"product-type-variable"},"_links":{"self":[{"href":"https:\/\/apupapu.fi\/verkkokauppa\/wp-json\/wp\/v2\/product\/1084","targetHints":{"allow":["GET"]}}],"collection":[{"href":"https:\/\/apupapu.fi\/verkkokauppa\/wp-json\/wp\/v2\/product"}],"about":[{"href":"https:\/\/apupapu.fi\/verkkokauppa\/wp-json\/wp\/v2\/types\/product"}],"wp:featuredmedia":[{"embeddable":true,"href":"https:\/\/apupapu.fi\/verkkokauppa\/wp-json\/wp\/v2\/media\/1529"}],"wp:attachment":[{"href":"https:\/\/apupapu.fi\/verkkokauppa\/wp-json\/wp\/v2\/media?parent=1084"}],"wp:term":[{"taxonomy":"product_brand","embeddable":true,"href":"https:\/\/apupapu.fi\/verkkokauppa\/wp-json\/wp\/v2\/product_brand?post=1084"},{"taxonomy":"product_cat","embeddable":true,"href":"https:\/\/apupapu.fi\/verkkokauppa\/wp-json\/wp\/v2\/product_cat?post=1084"},{"taxonomy":"product_tag","embeddable":true,"href":"https:\/\/apupapu.fi\/verkkokauppa\/wp-json\/wp\/v2\/product_tag?post=1084"}],"curies":[{"name":"wp","href":"https:\/\/api.w.org\/{rel}","templated":true}]}}