{"id":11,"date":"2020-10-22T07:53:48","date_gmt":"2020-10-22T07:53:48","guid":{"rendered":"https:\/\/apupapu.fi\/verkkokauppa\/?page_id=11"},"modified":"2025-11-10T15:32:42","modified_gmt":"2025-11-10T13:32:42","slug":"ota-yhteytta","status":"publish","type":"page","link":"https:\/\/apupapu.fi\/verkkokauppa\/ota-yhteytta\/","title":{"rendered":"OTA YHTEYTT\u00c4"},"content":{"rendered":"\n<p>Tavoitat asiakaspalvelumme s\u00e4hk\u00f6postilla, sivuston chatin kautta tai soittamalla\/poikkeamalla myym\u00e4l\u00e4\u00e4mme.<\/p>\n\n\n\n<p><strong>info@apupapu.fi<\/strong><\/p>\n\n\n\n<p>Apupapun myym\u00e4l\u00e4<br><strong>p. 050-3082083<\/strong> (klo: 8-17)<\/p>\n\n\n\n<p><strong>Apupapu<br>K\u00e4\u00e4j\u00e4ntie 3<br>35300 Orivesi<\/strong><\/p>\n\n\n\n<p>Verkkokauppamme valikoima laajenee kokoajan, joten kannattaa seurata valikoiman kasvua!\u00a0Mik\u00e4li haluamasi tuote on loppunut verkkokaupasta, tarkista myym\u00e4l\u00e4saldo. Olemme Stihlin, Husqvarnan, Stigan ja Polariksen valtuutettu j\u00e4lleenmyyj\u00e4, joten jos haluamaasi tuottetta ei viel\u00e4 l\u00f6ydy verkkokauppamme valikoimasta niin ota yhteytt\u00e4 asiakaspalveluumme. Pyrimme lis\u00e4\u00e4m\u00e4\u00e4n toiveiden mukaisia tuotteita my\u00f6s verkkokauppamme puolelle.<\/p>\n\n\n\n<hr class=\"wp-block-separator has-css-opacity is-style-wide\"\/>\n\n\n\n<p><\/p>\n","protected":false},"excerpt":{"rendered":"<p>Tavoitat asiakaspalvelumme s\u00e4hk\u00f6postilla, sivuston chatin kautta tai soittamalla\/poikkeamalla myym\u00e4l\u00e4\u00e4mme. info@apupapu.fi Apupapun myym\u00e4l\u00e4p. 050-3082083 (klo: 8-17) ApupapuK\u00e4\u00e4j\u00e4ntie 335300 Orivesi Verkkokauppamme valikoima laajenee kokoajan, joten kannattaa seurata valikoiman kasvua!\u00a0Mik\u00e4li haluamasi tuote on loppunut verkkokaupasta, tarkista myym\u00e4l\u00e4saldo. Olemme Stihlin, Husqvarnan, Stigan ja Polariksen valtuutettu j\u00e4lleenmyyj\u00e4, joten jos haluamaasi tuottetta ei viel\u00e4 l\u00f6ydy verkkokauppamme valikoimasta niin ota yhteytt\u00e4 asiakaspalveluumme. [&hellip;]<\/p>\n","protected":false},"author":1,"featured_media":0,"parent":0,"menu_order":0,"comment_status":"closed","ping_status":"closed","template":"","meta":{"site-sidebar-layout":"default","site-content-layout":"default","ast-site-content-layout":"default","site-content-style":"default","site-sidebar-style":"default","ast-global-header-display":"","ast-banner-title-visibility":"","ast-main-header-display":"","ast-hfb-above-header-display":"","ast-hfb-below-header-display":"","ast-hfb-mobile-header-display":"","site-post-title":"","ast-breadcrumbs-content":"","ast-featured-img":"","footer-sml-layout":"","theme-transparent-header-meta":"default","adv-header-id-meta":"","stick-header-meta":"","header-above-stick-meta":"","header-main-stick-meta":"","header-below-stick-meta":"","astra-migrate-meta-layouts":"set","ast-page-background-enabled":"default","ast-page-background-meta":{"desktop":{"background-color":"var(--ast-global-color-4)","background-image":"","background-repeat":"repeat","background-position":"center center","background-size":"auto","background-attachment":"scroll","background-type":"","background-media":"","overlay-type":"","overlay-color":"","overlay-opacity":"","overlay-gradient":""},"tablet":{"background-color":"","background-image":"","background-repeat":"repeat","background-position":"center center","background-size":"auto","background-attachment":"scroll","background-type":"","background-media":"","overlay-type":"","overlay-color":"","overlay-opacity":"","overlay-gradient":""},"mobile":{"background-color":"","background-image":"","background-repeat":"repeat","background-position":"center center","background-size":"auto","background-attachment":"scroll","background-type":"","background-media":"","overlay-type":"","overlay-color":"","overlay-opacity":"","overlay-gradient":""}},"ast-content-background-meta":{"desktop":{"background-color":"var(--ast-global-color-5)","background-image":"","background-repeat":"repeat","background-position":"center center","background-size":"auto","background-attachment":"scroll","background-type":"","background-media":"","overlay-type":"","overlay-color":"","overlay-opacity":"","overlay-gradient":""},"tablet":{"background-color":"var(--ast-global-color-5)","background-image":"","background-repeat":"repeat","background-position":"center center","background-size":"auto","background-attachment":"scroll","background-type":"","background-media":"","overlay-type":"","overlay-color":"","overlay-opacity":"","overlay-gradient":""},"mobile":{"background-color":"var(--ast-global-color-5)","background-image":"","background-repeat":"repeat","background-position":"center center","background-size":"auto","background-attachment":"scroll","background-type":"","background-media":"","overlay-type":"","overlay-color":"","overlay-opacity":"","overlay-gradient":""}},"footnotes":""},"class_list":["post-11","page","type-page","status-publish","hentry"],"featured_image_src":null,"_links":{"self":[{"href":"https:\/\/apupapu.fi\/verkkokauppa\/wp-json\/wp\/v2\/pages\/11","targetHints":{"allow":["GET"]}}],"collection":[{"href":"https:\/\/apupapu.fi\/verkkokauppa\/wp-json\/wp\/v2\/pages"}],"about":[{"href":"https:\/\/apupapu.fi\/verkkokauppa\/wp-json\/wp\/v2\/types\/page"}],"author":[{"embeddable":true,"href":"https:\/\/apupapu.fi\/verkkokauppa\/wp-json\/wp\/v2\/users\/1"}],"replies":[{"embeddable":true,"href":"https:\/\/apupapu.fi\/verkkokauppa\/wp-json\/wp\/v2\/comments?post=11"}],"version-history":[{"count":19,"href":"https:\/\/apupapu.fi\/verkkokauppa\/wp-json\/wp\/v2\/pages\/11\/revisions"}],"predecessor-version":[{"id":3959,"href":"https:\/\/apupapu.fi\/verkkokauppa\/wp-json\/wp\/v2\/pages\/11\/revisions\/3959"}],"wp:attachment":[{"href":"https:\/\/apupapu.fi\/verkkokauppa\/wp-json\/wp\/v2\/media?parent=11"}],"curies":[{"name":"wp","href":"https:\/\/api.w.org\/{rel}","templated":true}]}}